{"id":2685,"date":"2023-12-16T18:31:02","date_gmt":"2023-12-16T16:31:02","guid":{"rendered":"https:\/\/digelius.qb.web-veistamo.fi\/product\/sepankadun-koyhat-noyryytetyt-hyvastit-pojille\/"},"modified":"2026-02-04T22:30:56","modified_gmt":"2026-02-04T20:30:56","slug":"sepankadun-koyhat-noyryytetyt-hyvastit-pojille","status":"publish","type":"product","link":"https:\/\/digelius.com\/fi\/product\/sepankadun-koyhat-noyryytetyt-hyvastit-pojille\/","title":{"rendered":"Sep\u00e4nkadun K\u00f6yh\u00e4t &amp; N\u00f6yryytetyt: Hyv\u00e4stit Pojille"},"content":{"rendered":"<p>New copy. Pickup possible at Digelius Music in Helsinki (by selecting the &quot;local pickup&quot; shipping option).<\/p><\/p>\n","protected":false},"excerpt":{"rendered":"<p>Media Condition: Mint (M)<\/p>\n<p>Sleeve Condition: Mint (M)<\/p>\n<p>Label: Panama-levyt<\/p>\n<p>Released: 2023<\/p>\n","protected":false},"featured_media":3157708,"template":"","meta":{"_acf_changed":false},"product_brand":[],"product_cat":[28,27],"product_tag":[],"class_list":{"0":"post-2685","1":"product","2":"type-product","3":"status-publish","4":"has-post-thumbnail","6":"product_cat-pop","7":"product_cat-rock","9":"first","10":"instock","11":"taxable","12":"shipping-taxable","13":"purchasable","14":"product-type-simple"},"acf":[],"mb":[],"mfb_rest_fields":["title"],"_links":{"self":[{"href":"https:\/\/digelius.com\/fi\/wp-json\/wp\/v2\/product\/2685","targetHints":{"allow":["GET"]}}],"collection":[{"href":"https:\/\/digelius.com\/fi\/wp-json\/wp\/v2\/product"}],"about":[{"href":"https:\/\/digelius.com\/fi\/wp-json\/wp\/v2\/types\/product"}],"wp:featuredmedia":[{"embeddable":true,"href":"https:\/\/digelius.com\/fi\/wp-json\/wp\/v2\/media\/3157708"}],"wp:attachment":[{"href":"https:\/\/digelius.com\/fi\/wp-json\/wp\/v2\/media?parent=2685"}],"wp:term":[{"taxonomy":"product_brand","embeddable":true,"href":"https:\/\/digelius.com\/fi\/wp-json\/wp\/v2\/product_brand?post=2685"},{"taxonomy":"product_cat","embeddable":true,"href":"https:\/\/digelius.com\/fi\/wp-json\/wp\/v2\/product_cat?post=2685"},{"taxonomy":"product_tag","embeddable":true,"href":"https:\/\/digelius.com\/fi\/wp-json\/wp\/v2\/product_tag?post=2685"}],"curies":[{"name":"wp","href":"https:\/\/api.w.org\/{rel}","templated":true}]}}