{"id":2722544,"date":"2025-06-13T14:41:47","date_gmt":"2025-06-13T11:41:47","guid":{"rendered":"https:\/\/digelius.com\/product\/comedian-harmonists-greatest-hits-vol-1\/"},"modified":"2026-01-22T11:21:40","modified_gmt":"2026-01-22T09:21:40","slug":"comedian-harmonists-greatest-hits-vol-1","status":"publish","type":"product","link":"https:\/\/digelius.com\/fi\/product\/comedian-harmonists-greatest-hits-vol-1\/","title":{"rendered":"Comedian Harmonists: Greatest Hits Vol. 1"},"content":{"rendered":"<\/p>\n<p>20 aus dem Disney-Film &#8221;Schneewittchen und die sieben Zwerge&#8221;<br \/>\n22 aus dem Film &#8221;Princess Tam-Tam&#8221; mit Josephine Baker<\/p>\n<p>cat# on spine and disc: 7243 4 93717 2 9<br \/>\ncat# on booklet: 4 93717 2<\/p>\n<p>Alle Titel wurden unter Verwendung der Original-Master nach dem neuesten Stand mit Sonic Solutions\/NoNoise digital \u00fcberarbeitet und bieten bestm\u00f6gliche Klangqualit\u00e4t<\/p>\n<p>Printed in Holland<\/p>\n<p>http:\/\/www.emimusic.de<\/p>\n","protected":false},"excerpt":{"rendered":"<p>Media Condition: Near Mint (NM or M-)<\/p>\n<p>Sleeve Condition: Near Mint (NM or M-)<\/p>\n<p>Label: Electrola Media,EMI Electrola,Electrola Media,EMI Electrola<\/p>\n<p>Released: 1998<\/p>\n","protected":false},"featured_media":3158374,"template":"","meta":{"_acf_changed":false},"product_brand":[],"product_cat":[31,28],"product_tag":[],"class_list":{"0":"post-2722544","1":"product","2":"type-product","3":"status-publish","4":"has-post-thumbnail","6":"product_cat-folk-world-country","7":"product_cat-pop","9":"first","10":"instock","11":"taxable","12":"shipping-taxable","13":"purchasable","14":"product-type-simple"},"acf":[],"mb":[],"mfb_rest_fields":["title"],"_links":{"self":[{"href":"https:\/\/digelius.com\/fi\/wp-json\/wp\/v2\/product\/2722544","targetHints":{"allow":["GET"]}}],"collection":[{"href":"https:\/\/digelius.com\/fi\/wp-json\/wp\/v2\/product"}],"about":[{"href":"https:\/\/digelius.com\/fi\/wp-json\/wp\/v2\/types\/product"}],"wp:featuredmedia":[{"embeddable":true,"href":"https:\/\/digelius.com\/fi\/wp-json\/wp\/v2\/media\/3158374"}],"wp:attachment":[{"href":"https:\/\/digelius.com\/fi\/wp-json\/wp\/v2\/media?parent=2722544"}],"wp:term":[{"taxonomy":"product_brand","embeddable":true,"href":"https:\/\/digelius.com\/fi\/wp-json\/wp\/v2\/product_brand?post=2722544"},{"taxonomy":"product_cat","embeddable":true,"href":"https:\/\/digelius.com\/fi\/wp-json\/wp\/v2\/product_cat?post=2722544"},{"taxonomy":"product_tag","embeddable":true,"href":"https:\/\/digelius.com\/fi\/wp-json\/wp\/v2\/product_tag?post=2722544"}],"curies":[{"name":"wp","href":"https:\/\/api.w.org\/{rel}","templated":true}]}}