{"id":27541,"date":"2023-12-31T07:32:59","date_gmt":"2023-12-31T05:32:59","guid":{"rendered":"https:\/\/digelius.qb.web-veistamo.fi\/product\/larry-the-mullets-puistoblues\/"},"modified":"2026-02-06T12:02:10","modified_gmt":"2026-02-06T10:02:10","slug":"larry-the-mullets-puistoblues","status":"publish","type":"product","link":"https:\/\/digelius.com\/fi\/product\/larry-the-mullets-puistoblues\/","title":{"rendered":"Larry &amp; The Mullets: Puistoblues"},"content":{"rendered":"<p>Vinyl clean EX, sticker on sleeve. Pickup possible at Digelius Music in Helsinki (by selecting the &quot;local pickup&quot; shipping option).<\/p>\n<p>Artist name variations:<br \/>\nLarry &amp; The Mullets (front sleeve)<br \/>\nLarry And The Mullets (labels)<\/p>\n","protected":false},"excerpt":{"rendered":"<p>Media Condition: Very Good Plus (VG+)<\/p>\n<p>Sleeve Condition: Very Good (VG)<\/p>\n<p>Label: J\u00e4rvenp\u00e4\u00e4n Blues Jazz Diggarit<\/p>\n<p>Released: 1991<\/p>\n","protected":false},"featured_media":3153864,"template":"","meta":{"_acf_changed":false},"product_brand":[],"product_cat":[27],"product_tag":[],"class_list":{"0":"post-27541","1":"product","2":"type-product","3":"status-publish","4":"has-post-thumbnail","6":"product_cat-rock","8":"first","9":"instock","10":"taxable","11":"shipping-taxable","12":"purchasable","13":"product-type-simple"},"acf":[],"mb":[],"mfb_rest_fields":["title"],"_links":{"self":[{"href":"https:\/\/digelius.com\/fi\/wp-json\/wp\/v2\/product\/27541","targetHints":{"allow":["GET"]}}],"collection":[{"href":"https:\/\/digelius.com\/fi\/wp-json\/wp\/v2\/product"}],"about":[{"href":"https:\/\/digelius.com\/fi\/wp-json\/wp\/v2\/types\/product"}],"wp:featuredmedia":[{"embeddable":true,"href":"https:\/\/digelius.com\/fi\/wp-json\/wp\/v2\/media\/3153864"}],"wp:attachment":[{"href":"https:\/\/digelius.com\/fi\/wp-json\/wp\/v2\/media?parent=27541"}],"wp:term":[{"taxonomy":"product_brand","embeddable":true,"href":"https:\/\/digelius.com\/fi\/wp-json\/wp\/v2\/product_brand?post=27541"},{"taxonomy":"product_cat","embeddable":true,"href":"https:\/\/digelius.com\/fi\/wp-json\/wp\/v2\/product_cat?post=27541"},{"taxonomy":"product_tag","embeddable":true,"href":"https:\/\/digelius.com\/fi\/wp-json\/wp\/v2\/product_tag?post=27541"}],"curies":[{"name":"wp","href":"https:\/\/api.w.org\/{rel}","templated":true}]}}