{"id":2819765,"date":"2025-06-27T14:04:18","date_gmt":"2025-06-27T11:04:18","guid":{"rendered":"https:\/\/digelius.com\/product\/oliver-torr-badfocus-filip-misek-dj-gap-eva-hurychova-jan-neckar-jason-kahn-gabriel-paiuk-amelie-siba-im-not-everything-i-want-to-be\/"},"modified":"2025-12-19T11:40:21","modified_gmt":"2025-12-19T09:40:21","slug":"oliver-torr-badfocus-filip-misek-dj-gap-eva-hurychova-jan-neckar-jason-kahn-gabriel-paiuk-amelie-siba-im-not-everything-i-want-to-be","status":"publish","type":"product","link":"https:\/\/digelius.com\/fi\/product\/oliver-torr-badfocus-filip-misek-dj-gap-eva-hurychova-jan-neckar-jason-kahn-gabriel-paiuk-amelie-siba-im-not-everything-i-want-to-be\/","title":{"rendered":"Oliver Torr, badfocus, Filip M\u00ed\u0161ek, DJ Gap, Eva Hurychov\u00e1, Jan Neck\u00e1\u0159, Jason Kahn, Gabriel Paiuk, Amelie Siba: I&#8217;m Not Everything I Want To Be"},"content":{"rendered":"<p>CLEAR VINYL!<\/p>\n<p>Promo record distributed for the namesake movie, Czech nominated film for the 2025 Oscar Academy Award shortlist.<\/p>\n","protected":false},"excerpt":{"rendered":"<p>Media Condition: Near Mint (NM or M-)<\/p>\n<p>Sleeve Condition: Very Good Plus (VG+)<\/p>\n<p>Label: Full Moon Forum<\/p>\n<p>Released: 2025<\/p>\n","protected":false},"featured_media":3158222,"template":"","meta":{"_acf_changed":false},"product_brand":[],"product_cat":[142],"product_tag":[],"class_list":{"0":"post-2819765","1":"product","2":"type-product","3":"status-publish","4":"has-post-thumbnail","6":"product_cat-stage-screen","8":"first","9":"instock","10":"taxable","11":"shipping-taxable","12":"purchasable","13":"product-type-simple"},"acf":[],"mb":[],"mfb_rest_fields":["title"],"_links":{"self":[{"href":"https:\/\/digelius.com\/fi\/wp-json\/wp\/v2\/product\/2819765","targetHints":{"allow":["GET"]}}],"collection":[{"href":"https:\/\/digelius.com\/fi\/wp-json\/wp\/v2\/product"}],"about":[{"href":"https:\/\/digelius.com\/fi\/wp-json\/wp\/v2\/types\/product"}],"wp:featuredmedia":[{"embeddable":true,"href":"https:\/\/digelius.com\/fi\/wp-json\/wp\/v2\/media\/3158222"}],"wp:attachment":[{"href":"https:\/\/digelius.com\/fi\/wp-json\/wp\/v2\/media?parent=2819765"}],"wp:term":[{"taxonomy":"product_brand","embeddable":true,"href":"https:\/\/digelius.com\/fi\/wp-json\/wp\/v2\/product_brand?post=2819765"},{"taxonomy":"product_cat","embeddable":true,"href":"https:\/\/digelius.com\/fi\/wp-json\/wp\/v2\/product_cat?post=2819765"},{"taxonomy":"product_tag","embeddable":true,"href":"https:\/\/digelius.com\/fi\/wp-json\/wp\/v2\/product_tag?post=2819765"}],"curies":[{"name":"wp","href":"https:\/\/api.w.org\/{rel}","templated":true}]}}