{"id":2964169,"date":"2025-07-17T16:16:48","date_gmt":"2025-07-17T13:16:48","guid":{"rendered":"https:\/\/digelius.com\/product\/sontag-shogun-x-lau-nau-paivakahvit\/"},"modified":"2025-12-19T05:10:24","modified_gmt":"2025-12-19T03:10:24","slug":"sontag-shogun-x-lau-nau-paivakahvit","status":"publish","type":"product","link":"https:\/\/digelius.com\/fi\/product\/sontag-shogun-x-lau-nau-paivakahvit\/","title":{"rendered":"Sontag Shogun \u00d7 Lau Nau: Pa\u00efv\u00e4kahvit"},"content":{"rendered":"<\/p>\n<p>Limited to 300 copies.<\/p>\n","protected":false},"excerpt":{"rendered":"<p>Media Condition: Mint (M)<\/p>\n<p>Sleeve Condition: Mint (M)<\/p>\n<p>Label: Beacon Sound<\/p>\n<p>Released: 2025<\/p>\n","protected":false},"featured_media":3158194,"template":"","meta":{"_acf_changed":false},"product_brand":[],"product_cat":[441,22,94],"product_tag":[],"class_list":{"0":"post-2964169","1":"product","2":"type-product","3":"status-publish","4":"has-post-thumbnail","6":"product_cat-non-music","7":"product_cat-electronic","8":"product_cat-electronic-fi","10":"first","11":"instock","12":"taxable","13":"shipping-taxable","14":"purchasable","15":"product-type-simple"},"acf":[],"mb":[],"mfb_rest_fields":["title"],"_links":{"self":[{"href":"https:\/\/digelius.com\/fi\/wp-json\/wp\/v2\/product\/2964169","targetHints":{"allow":["GET"]}}],"collection":[{"href":"https:\/\/digelius.com\/fi\/wp-json\/wp\/v2\/product"}],"about":[{"href":"https:\/\/digelius.com\/fi\/wp-json\/wp\/v2\/types\/product"}],"wp:featuredmedia":[{"embeddable":true,"href":"https:\/\/digelius.com\/fi\/wp-json\/wp\/v2\/media\/3158194"}],"wp:attachment":[{"href":"https:\/\/digelius.com\/fi\/wp-json\/wp\/v2\/media?parent=2964169"}],"wp:term":[{"taxonomy":"product_brand","embeddable":true,"href":"https:\/\/digelius.com\/fi\/wp-json\/wp\/v2\/product_brand?post=2964169"},{"taxonomy":"product_cat","embeddable":true,"href":"https:\/\/digelius.com\/fi\/wp-json\/wp\/v2\/product_cat?post=2964169"},{"taxonomy":"product_tag","embeddable":true,"href":"https:\/\/digelius.com\/fi\/wp-json\/wp\/v2\/product_tag?post=2964169"}],"curies":[{"name":"wp","href":"https:\/\/api.w.org\/{rel}","templated":true}]}}