{"id":2968857,"date":"2025-07-18T08:24:20","date_gmt":"2025-07-18T05:24:20","guid":{"rendered":"https:\/\/digelius.com\/product\/nguyen-le-ngo-hong-quang-ha-noi-duo\/"},"modified":"2026-01-25T23:31:00","modified_gmt":"2026-01-25T21:31:00","slug":"nguyen-le-ngo-hong-quang-ha-noi-duo","status":"publish","type":"product","link":"https:\/\/digelius.com\/fi\/product\/nguyen-le-ngo-hong-quang-ha-noi-duo\/","title":{"rendered":"Nguy\u00ean L\u00ea &amp; Ng\u00f4 H\u1ed3ng Quang*: H\u00e0 N\u1ed9i Duo"},"content":{"rendered":"<p>promo copy<\/p>\n<p>Produced, recorded and mixed at studio Luxour, Paris Barb\u00e8s from April to August 2016.<\/p>\n<p>The real track lengths in the track list differ from those printed in the booklet.<\/p>\n","protected":false},"excerpt":{"rendered":"<p>Media Condition: Near Mint (NM or M-)<\/p>\n<p>Sleeve Condition: Near Mint (NM or M-)<\/p>\n<p>Label: ACT (4)<\/p>\n<p>Released: 2017<\/p>\n","protected":false},"featured_media":3158168,"template":"","meta":{"_acf_changed":false},"product_brand":[],"product_cat":[31,16],"product_tag":[],"class_list":{"0":"post-2968857","1":"product","2":"type-product","3":"status-publish","4":"has-post-thumbnail","6":"product_cat-folk-world-country","7":"product_cat-jazz","9":"first","10":"instock","11":"taxable","12":"shipping-taxable","13":"purchasable","14":"product-type-simple"},"acf":[],"mb":[],"mfb_rest_fields":["title"],"_links":{"self":[{"href":"https:\/\/digelius.com\/fi\/wp-json\/wp\/v2\/product\/2968857","targetHints":{"allow":["GET"]}}],"collection":[{"href":"https:\/\/digelius.com\/fi\/wp-json\/wp\/v2\/product"}],"about":[{"href":"https:\/\/digelius.com\/fi\/wp-json\/wp\/v2\/types\/product"}],"wp:featuredmedia":[{"embeddable":true,"href":"https:\/\/digelius.com\/fi\/wp-json\/wp\/v2\/media\/3158168"}],"wp:attachment":[{"href":"https:\/\/digelius.com\/fi\/wp-json\/wp\/v2\/media?parent=2968857"}],"wp:term":[{"taxonomy":"product_brand","embeddable":true,"href":"https:\/\/digelius.com\/fi\/wp-json\/wp\/v2\/product_brand?post=2968857"},{"taxonomy":"product_cat","embeddable":true,"href":"https:\/\/digelius.com\/fi\/wp-json\/wp\/v2\/product_cat?post=2968857"},{"taxonomy":"product_tag","embeddable":true,"href":"https:\/\/digelius.com\/fi\/wp-json\/wp\/v2\/product_tag?post=2968857"}],"curies":[{"name":"wp","href":"https:\/\/api.w.org\/{rel}","templated":true}]}}