{"id":2970166,"date":"2025-07-18T12:56:46","date_gmt":"2025-07-18T09:56:46","guid":{"rendered":"https:\/\/digelius.com\/product\/various-elamaa-suuremmat-laulut\/"},"modified":"2025-12-19T02:40:23","modified_gmt":"2025-12-19T00:40:23","slug":"various-elamaa-suuremmat-laulut","status":"publish","type":"product","link":"https:\/\/digelius.com\/fi\/product\/various-elamaa-suuremmat-laulut\/","title":{"rendered":"Various: El\u00e4m\u00e4\u00e4 Suuremmat Laulut"},"content":{"rendered":"<\/p>\n","protected":false},"excerpt":{"rendered":"<p>Media Condition: Near Mint (NM or M-)<\/p>\n<p>Sleeve Condition: Near Mint (NM or M-)<\/p>\n<p>Label: Love Records (4)<\/p>\n<p>Released: 2004<\/p>\n","protected":false},"featured_media":3158136,"template":"","meta":{"_acf_changed":false},"product_brand":[],"product_cat":[31,28,27],"product_tag":[],"class_list":{"0":"post-2970166","1":"product","2":"type-product","3":"status-publish","4":"has-post-thumbnail","6":"product_cat-folk-world-country","7":"product_cat-pop","8":"product_cat-rock","10":"first","11":"instock","12":"taxable","13":"shipping-taxable","14":"purchasable","15":"product-type-simple"},"acf":[],"mb":[],"mfb_rest_fields":["title"],"_links":{"self":[{"href":"https:\/\/digelius.com\/fi\/wp-json\/wp\/v2\/product\/2970166","targetHints":{"allow":["GET"]}}],"collection":[{"href":"https:\/\/digelius.com\/fi\/wp-json\/wp\/v2\/product"}],"about":[{"href":"https:\/\/digelius.com\/fi\/wp-json\/wp\/v2\/types\/product"}],"wp:featuredmedia":[{"embeddable":true,"href":"https:\/\/digelius.com\/fi\/wp-json\/wp\/v2\/media\/3158136"}],"wp:attachment":[{"href":"https:\/\/digelius.com\/fi\/wp-json\/wp\/v2\/media?parent=2970166"}],"wp:term":[{"taxonomy":"product_brand","embeddable":true,"href":"https:\/\/digelius.com\/fi\/wp-json\/wp\/v2\/product_brand?post=2970166"},{"taxonomy":"product_cat","embeddable":true,"href":"https:\/\/digelius.com\/fi\/wp-json\/wp\/v2\/product_cat?post=2970166"},{"taxonomy":"product_tag","embeddable":true,"href":"https:\/\/digelius.com\/fi\/wp-json\/wp\/v2\/product_tag?post=2970166"}],"curies":[{"name":"wp","href":"https:\/\/api.w.org\/{rel}","templated":true}]}}