{"id":2970576,"date":"2025-07-18T14:06:58","date_gmt":"2025-07-18T11:06:58","guid":{"rendered":"https:\/\/digelius.com\/product\/helsinki-soundpainting-ensemble-helsinki-soundpainting-ensemble\/"},"modified":"2025-12-18T22:10:23","modified_gmt":"2025-12-18T20:10:23","slug":"helsinki-soundpainting-ensemble-helsinki-soundpainting-ensemble","status":"publish","type":"product","link":"https:\/\/digelius.com\/fi\/product\/helsinki-soundpainting-ensemble-helsinki-soundpainting-ensemble\/","title":{"rendered":"Helsinki Soundpainting Ensemble: Helsinki Soundpainting Ensemble"},"content":{"rendered":"<\/p>\n<p>\u00c4\u00e4nitys ja miksaus: [&#8230;] Helsingin Musiikkitalossa Kes\u00e4kuussa 2015<\/p>\n<p>Levyn on julkaissut \u2117 Suomen Soundpaintingyhdistys Ry 2016<\/p>\n","protected":false},"excerpt":{"rendered":"<p>Media Condition: Near Mint (NM or M-)<\/p>\n<p>Sleeve Condition: Near Mint (NM or M-)<\/p>\n<p>Label: Sibelius-Akatemian Kansanmusiikki\u00e4\u00e4nitteit\u00e4<\/p>\n<p>Released: 2016<\/p>\n","protected":false},"featured_media":3158066,"template":"","meta":{"_acf_changed":false},"product_brand":[],"product_cat":[31,16],"product_tag":[],"class_list":{"0":"post-2970576","1":"product","2":"type-product","3":"status-publish","4":"has-post-thumbnail","6":"product_cat-folk-world-country","7":"product_cat-jazz","9":"first","10":"instock","11":"taxable","12":"shipping-taxable","13":"purchasable","14":"product-type-simple"},"acf":[],"mb":[],"mfb_rest_fields":["title"],"_links":{"self":[{"href":"https:\/\/digelius.com\/fi\/wp-json\/wp\/v2\/product\/2970576","targetHints":{"allow":["GET"]}}],"collection":[{"href":"https:\/\/digelius.com\/fi\/wp-json\/wp\/v2\/product"}],"about":[{"href":"https:\/\/digelius.com\/fi\/wp-json\/wp\/v2\/types\/product"}],"wp:featuredmedia":[{"embeddable":true,"href":"https:\/\/digelius.com\/fi\/wp-json\/wp\/v2\/media\/3158066"}],"wp:attachment":[{"href":"https:\/\/digelius.com\/fi\/wp-json\/wp\/v2\/media?parent=2970576"}],"wp:term":[{"taxonomy":"product_brand","embeddable":true,"href":"https:\/\/digelius.com\/fi\/wp-json\/wp\/v2\/product_brand?post=2970576"},{"taxonomy":"product_cat","embeddable":true,"href":"https:\/\/digelius.com\/fi\/wp-json\/wp\/v2\/product_cat?post=2970576"},{"taxonomy":"product_tag","embeddable":true,"href":"https:\/\/digelius.com\/fi\/wp-json\/wp\/v2\/product_tag?post=2970576"}],"curies":[{"name":"wp","href":"https:\/\/api.w.org\/{rel}","templated":true}]}}