{"id":30274,"date":"2024-01-01T11:48:35","date_gmt":"2024-01-01T09:48:35","guid":{"rendered":"https:\/\/digelius.qb.web-veistamo.fi\/product\/sandor-valy-eva-polgar-die-toteninsel\/"},"modified":"2026-02-09T14:31:36","modified_gmt":"2026-02-09T12:31:36","slug":"sandor-valy-eva-polgar-die-toteninsel","status":"publish","type":"product","link":"https:\/\/digelius.com\/fi\/product\/sandor-valy-eva-polgar-die-toteninsel\/","title":{"rendered":"S\u00e1ndor V\u00e1ly, \u00c9va Polg\u00e1r: Die Toteninsel"},"content":{"rendered":"<p>New copy. Pickup possible at our Helsinki store (by selecting the &quot;local pickup&quot; option). <\/p>\n<p>CD with a 100-page booklet.<\/p>\n","protected":false},"excerpt":{"rendered":"<p>Media Condition: Mint (M)<\/p>\n<p>Sleeve Condition: Mint (M)<\/p>\n<p>Label: Ektro Records<\/p>\n<p>Released: 2015<\/p>\n","protected":false},"featured_media":3153718,"template":"","meta":{"_acf_changed":false},"product_brand":[],"product_cat":[441,23,22],"product_tag":[],"class_list":{"0":"post-30274","1":"product","2":"type-product","3":"status-publish","4":"has-post-thumbnail","6":"product_cat-non-music","7":"product_cat-classical","8":"product_cat-electronic","10":"first","11":"instock","12":"taxable","13":"shipping-taxable","14":"purchasable","15":"product-type-simple"},"acf":[],"mb":[],"mfb_rest_fields":["title"],"_links":{"self":[{"href":"https:\/\/digelius.com\/fi\/wp-json\/wp\/v2\/product\/30274","targetHints":{"allow":["GET"]}}],"collection":[{"href":"https:\/\/digelius.com\/fi\/wp-json\/wp\/v2\/product"}],"about":[{"href":"https:\/\/digelius.com\/fi\/wp-json\/wp\/v2\/types\/product"}],"wp:featuredmedia":[{"embeddable":true,"href":"https:\/\/digelius.com\/fi\/wp-json\/wp\/v2\/media\/3153718"}],"wp:attachment":[{"href":"https:\/\/digelius.com\/fi\/wp-json\/wp\/v2\/media?parent=30274"}],"wp:term":[{"taxonomy":"product_brand","embeddable":true,"href":"https:\/\/digelius.com\/fi\/wp-json\/wp\/v2\/product_brand?post=30274"},{"taxonomy":"product_cat","embeddable":true,"href":"https:\/\/digelius.com\/fi\/wp-json\/wp\/v2\/product_cat?post=30274"},{"taxonomy":"product_tag","embeddable":true,"href":"https:\/\/digelius.com\/fi\/wp-json\/wp\/v2\/product_tag?post=30274"}],"curies":[{"name":"wp","href":"https:\/\/api.w.org\/{rel}","templated":true}]}}