{"id":3052163,"date":"2025-07-29T23:06:58","date_gmt":"2025-07-29T20:06:58","guid":{"rendered":"https:\/\/digelius.com\/product\/paakkoset-paakkoset\/"},"modified":"2025-12-18T18:40:22","modified_gmt":"2025-12-18T16:40:22","slug":"paakkoset-paakkoset","status":"publish","type":"product","link":"https:\/\/digelius.com\/fi\/product\/paakkoset-paakkoset\/","title":{"rendered":"P\u00e4\u00e4kk\u00f6set: P\u00e4\u00e4kk\u00f6set"},"content":{"rendered":"<\/p>\n<p>Comes with a printed inner sleeve and a lyric sheet.<br \/>\nProduced at Finnvox &amp; Music-Box studios.<\/p>\n","protected":false},"excerpt":{"rendered":"<p>Media Condition: Very Good Plus (VG+)<\/p>\n<p>Sleeve Condition: Very Good Plus (VG+)<\/p>\n<p>Label: Epic<\/p>\n<p>Released: 1989<\/p>\n","protected":false},"featured_media":3147944,"template":"","meta":{"_acf_changed":false},"product_brand":[],"product_cat":[232,22,27],"product_tag":[],"class_list":{"0":"post-3052163","1":"product","2":"type-product","3":"status-publish","4":"has-post-thumbnail","6":"product_cat-hip-hop","7":"product_cat-electronic","8":"product_cat-rock","10":"first","11":"instock","12":"taxable","13":"shipping-taxable","14":"purchasable","15":"product-type-simple"},"acf":[],"mb":[],"mfb_rest_fields":["title"],"_links":{"self":[{"href":"https:\/\/digelius.com\/fi\/wp-json\/wp\/v2\/product\/3052163","targetHints":{"allow":["GET"]}}],"collection":[{"href":"https:\/\/digelius.com\/fi\/wp-json\/wp\/v2\/product"}],"about":[{"href":"https:\/\/digelius.com\/fi\/wp-json\/wp\/v2\/types\/product"}],"wp:featuredmedia":[{"embeddable":true,"href":"https:\/\/digelius.com\/fi\/wp-json\/wp\/v2\/media\/3147944"}],"wp:attachment":[{"href":"https:\/\/digelius.com\/fi\/wp-json\/wp\/v2\/media?parent=3052163"}],"wp:term":[{"taxonomy":"product_brand","embeddable":true,"href":"https:\/\/digelius.com\/fi\/wp-json\/wp\/v2\/product_brand?post=3052163"},{"taxonomy":"product_cat","embeddable":true,"href":"https:\/\/digelius.com\/fi\/wp-json\/wp\/v2\/product_cat?post=3052163"},{"taxonomy":"product_tag","embeddable":true,"href":"https:\/\/digelius.com\/fi\/wp-json\/wp\/v2\/product_tag?post=3052163"}],"curies":[{"name":"wp","href":"https:\/\/api.w.org\/{rel}","templated":true}]}}