{"id":30849,"date":"2024-01-02T06:26:05","date_gmt":"2024-01-02T04:26:05","guid":{"rendered":"https:\/\/digelius.qb.web-veistamo.fi\/product\/slide-hampton-vaclav-zahradnik-big-band-interjazz-2\/"},"modified":"2026-02-10T10:01:26","modified_gmt":"2026-02-10T08:01:26","slug":"slide-hampton-vaclav-zahradnik-big-band-interjazz-2","status":"publish","type":"product","link":"https:\/\/digelius.com\/fi\/product\/slide-hampton-vaclav-zahradnik-big-band-interjazz-2\/","title":{"rendered":"Slide Hampton &amp; V\u00e1clav Zahradn\u00edk Big Band: Interjazz 2"},"content":{"rendered":"<p>Pickup possible at our Helsinki store (by selecting the &quot;local pickup&quot; option). <\/p>\n<p>Nahr\u00e1no 18.\u201320. \u0159\u00edjna 1972 v pra\u017esk\u00e9m studiu v Dejvic\u00edch<br \/>\nCover design \u00a9 1974<br \/>\nCover photo \u00a9 1974<br \/>\nPhotography \u00a9 1974<\/p>\n<p>Made in Czechoslovakia<br \/>\n20\u201930\u201d [A]<br \/>\n20\u201930\u201d [B]<br \/>\n\u2117 1973<\/p>\n<p>\u2014\u2014\u2014<br \/>\nLaminated gatefold sleeve.<br \/>\nRecorded October 18\u201320, 1972, studio Dejvice, Prague. <\/p>\n<p>Also released for PZO Artia with different sleeve design as \u201c[r=1151347]\u201d, identical catalog and matrix numbers.<\/p>\n","protected":false},"excerpt":{"rendered":"<p>Media Condition: Very Good Plus (VG+)<\/p>\n<p>Sleeve Condition: Very Good Plus (VG+)<\/p>\n<p>Label: Supraphon,Gramofonov\u00fd Klub<\/p>\n<p>Released: 1974<\/p>\n","protected":false},"featured_media":3153680,"template":"","meta":{"_acf_changed":false},"product_brand":[],"product_cat":[16,96],"product_tag":[],"class_list":{"0":"post-30849","1":"product","2":"type-product","3":"status-publish","4":"has-post-thumbnail","6":"product_cat-jazz","7":"product_cat-jazz-fi","9":"first","10":"instock","11":"taxable","12":"shipping-taxable","13":"purchasable","14":"product-type-simple"},"acf":[],"mb":[],"mfb_rest_fields":["title"],"_links":{"self":[{"href":"https:\/\/digelius.com\/fi\/wp-json\/wp\/v2\/product\/30849","targetHints":{"allow":["GET"]}}],"collection":[{"href":"https:\/\/digelius.com\/fi\/wp-json\/wp\/v2\/product"}],"about":[{"href":"https:\/\/digelius.com\/fi\/wp-json\/wp\/v2\/types\/product"}],"wp:featuredmedia":[{"embeddable":true,"href":"https:\/\/digelius.com\/fi\/wp-json\/wp\/v2\/media\/3153680"}],"wp:attachment":[{"href":"https:\/\/digelius.com\/fi\/wp-json\/wp\/v2\/media?parent=30849"}],"wp:term":[{"taxonomy":"product_brand","embeddable":true,"href":"https:\/\/digelius.com\/fi\/wp-json\/wp\/v2\/product_brand?post=30849"},{"taxonomy":"product_cat","embeddable":true,"href":"https:\/\/digelius.com\/fi\/wp-json\/wp\/v2\/product_cat?post=30849"},{"taxonomy":"product_tag","embeddable":true,"href":"https:\/\/digelius.com\/fi\/wp-json\/wp\/v2\/product_tag?post=30849"}],"curies":[{"name":"wp","href":"https:\/\/api.w.org\/{rel}","templated":true}]}}