{"id":3139380,"date":"2025-10-22T08:10:28","date_gmt":"2025-10-22T05:10:28","guid":{"rendered":"https:\/\/digelius.com\/product\/pietu-arvola-meidan-taytyy-valvoa-jottemme-nukkuisi-silla-maailma-on-liukas\/"},"modified":"2025-12-17T04:40:21","modified_gmt":"2025-12-17T02:40:21","slug":"pietu-arvola-meidan-taytyy-valvoa-jottemme-nukkuisi-silla-maailma-on-liukas","status":"publish","type":"product","link":"https:\/\/digelius.com\/fi\/product\/pietu-arvola-meidan-taytyy-valvoa-jottemme-nukkuisi-silla-maailma-on-liukas\/","title":{"rendered":"Pietu Arvola: Meid\u00e4n T\u00e4ytyy Valvoa Jottemme Nukkuisi, Sill\u00e4 Maailma On Liukas"},"content":{"rendered":"<\/p>\n<p>Album cover image: Maria Lax<br \/>\nIllustration: Pietu Arvola<br \/>\nLayout: Teemu Into<br \/>\n\u00a9 Puro Recordings 2025<br \/>\nPUROLP06<\/p>\n<p>Sticker:<br \/>\n&#8221;Arvola&#8217;s sound world fully reveals itself through a thick forest carpet of electronic layers, ghost sounds, humming, buzzing, scampering, and the wind in trees. By fully committing to the noises in his head, Arvola is able to take us with him to somewhere hidden and unique.&#8221; -The Quietus<\/p>\n","protected":false},"excerpt":{"rendered":"<p>Media Condition: Mint (M)<\/p>\n<p>Sleeve Condition: Mint (M)<\/p>\n<p>Label: Puro Recordings<\/p>\n<p>Released: 2025<\/p>\n","protected":false},"featured_media":3147730,"template":"","meta":{"_acf_changed":false},"product_brand":[],"product_cat":[22],"product_tag":[],"class_list":{"0":"post-3139380","1":"product","2":"type-product","3":"status-publish","4":"has-post-thumbnail","6":"product_cat-electronic","8":"first","9":"instock","10":"taxable","11":"shipping-taxable","12":"purchasable","13":"product-type-simple"},"acf":[],"mb":[],"mfb_rest_fields":["title"],"_links":{"self":[{"href":"https:\/\/digelius.com\/fi\/wp-json\/wp\/v2\/product\/3139380","targetHints":{"allow":["GET"]}}],"collection":[{"href":"https:\/\/digelius.com\/fi\/wp-json\/wp\/v2\/product"}],"about":[{"href":"https:\/\/digelius.com\/fi\/wp-json\/wp\/v2\/types\/product"}],"wp:featuredmedia":[{"embeddable":true,"href":"https:\/\/digelius.com\/fi\/wp-json\/wp\/v2\/media\/3147730"}],"wp:attachment":[{"href":"https:\/\/digelius.com\/fi\/wp-json\/wp\/v2\/media?parent=3139380"}],"wp:term":[{"taxonomy":"product_brand","embeddable":true,"href":"https:\/\/digelius.com\/fi\/wp-json\/wp\/v2\/product_brand?post=3139380"},{"taxonomy":"product_cat","embeddable":true,"href":"https:\/\/digelius.com\/fi\/wp-json\/wp\/v2\/product_cat?post=3139380"},{"taxonomy":"product_tag","embeddable":true,"href":"https:\/\/digelius.com\/fi\/wp-json\/wp\/v2\/product_tag?post=3139380"}],"curies":[{"name":"wp","href":"https:\/\/api.w.org\/{rel}","templated":true}]}}