{"id":3139512,"date":"2025-10-22T12:40:28","date_gmt":"2025-10-22T09:40:28","guid":{"rendered":"https:\/\/digelius.com\/product\/hetero-skeleton-rensselit-pykalaan\/"},"modified":"2025-12-17T08:40:21","modified_gmt":"2025-12-17T06:40:21","slug":"hetero-skeleton-rensselit-pykalaan","status":"publish","type":"product","link":"https:\/\/digelius.com\/fi\/product\/hetero-skeleton-rensselit-pykalaan\/","title":{"rendered":"Hetero Skeleton: Rensselit Pyk\u00e4l\u00e4\u00e4n!"},"content":{"rendered":"<\/p>\n","protected":false},"excerpt":{"rendered":"<p>Media Condition: Near Mint (NM or M-)<\/p>\n<p>Sleeve Condition: Near Mint (NM or M-)<\/p>\n<p>Label: Ikuisuus<\/p>\n<p>Released: 2011<\/p>\n","protected":false},"featured_media":3147658,"template":"","meta":{"_acf_changed":false},"product_brand":[],"product_cat":[441,16,27],"product_tag":[],"class_list":{"0":"post-3139512","1":"product","2":"type-product","3":"status-publish","4":"has-post-thumbnail","6":"product_cat-non-music","7":"product_cat-jazz","8":"product_cat-rock","10":"first","11":"instock","12":"taxable","13":"shipping-taxable","14":"purchasable","15":"product-type-simple"},"acf":[],"mb":[],"mfb_rest_fields":["title"],"_links":{"self":[{"href":"https:\/\/digelius.com\/fi\/wp-json\/wp\/v2\/product\/3139512","targetHints":{"allow":["GET"]}}],"collection":[{"href":"https:\/\/digelius.com\/fi\/wp-json\/wp\/v2\/product"}],"about":[{"href":"https:\/\/digelius.com\/fi\/wp-json\/wp\/v2\/types\/product"}],"wp:featuredmedia":[{"embeddable":true,"href":"https:\/\/digelius.com\/fi\/wp-json\/wp\/v2\/media\/3147658"}],"wp:attachment":[{"href":"https:\/\/digelius.com\/fi\/wp-json\/wp\/v2\/media?parent=3139512"}],"wp:term":[{"taxonomy":"product_brand","embeddable":true,"href":"https:\/\/digelius.com\/fi\/wp-json\/wp\/v2\/product_brand?post=3139512"},{"taxonomy":"product_cat","embeddable":true,"href":"https:\/\/digelius.com\/fi\/wp-json\/wp\/v2\/product_cat?post=3139512"},{"taxonomy":"product_tag","embeddable":true,"href":"https:\/\/digelius.com\/fi\/wp-json\/wp\/v2\/product_tag?post=3139512"}],"curies":[{"name":"wp","href":"https:\/\/api.w.org\/{rel}","templated":true}]}}