{"id":3139629,"date":"2025-10-22T17:10:33","date_gmt":"2025-10-22T14:10:33","guid":{"rendered":"https:\/\/digelius.com\/product\/gerardo-nunez-ulf-wakenius-chano-dominguez-ramon-valle-trio-christof-lauer-cepillo-jazzpana-live\/"},"modified":"2025-12-17T11:10:26","modified_gmt":"2025-12-17T09:10:26","slug":"gerardo-nunez-ulf-wakenius-chano-dominguez-ramon-valle-trio-christof-lauer-cepillo-jazzpana-live","status":"publish","type":"product","link":"https:\/\/digelius.com\/fi\/product\/gerardo-nunez-ulf-wakenius-chano-dominguez-ramon-valle-trio-christof-lauer-cepillo-jazzpana-live\/","title":{"rendered":"Gerardo Nu\u00f1ez, Ulf Wakenius, Chano Dom\u00ednguez, Ram\u00f3n Valle Trio, Christof Lauer, Cepillo*: Jazzpa\u00f1a Live"},"content":{"rendered":"<p>Promo copy<\/p>\n<p>Track durations mesured with cd player<\/p>\n","protected":false},"excerpt":{"rendered":"<p>Media Condition: Near Mint (NM or M-)<\/p>\n<p>Sleeve Condition: Near Mint (NM or M-)<\/p>\n<p>Label: ACT (4)<\/p>\n<p>Released: 2015<\/p>\n","protected":false},"featured_media":3147610,"template":"","meta":{"_acf_changed":false},"product_brand":[],"product_cat":[16,135],"product_tag":[],"class_list":{"0":"post-3139629","1":"product","2":"type-product","3":"status-publish","4":"has-post-thumbnail","6":"product_cat-jazz","7":"product_cat-latin","9":"first","10":"instock","11":"taxable","12":"shipping-taxable","13":"purchasable","14":"product-type-simple"},"acf":[],"mb":[],"mfb_rest_fields":["title"],"_links":{"self":[{"href":"https:\/\/digelius.com\/fi\/wp-json\/wp\/v2\/product\/3139629","targetHints":{"allow":["GET"]}}],"collection":[{"href":"https:\/\/digelius.com\/fi\/wp-json\/wp\/v2\/product"}],"about":[{"href":"https:\/\/digelius.com\/fi\/wp-json\/wp\/v2\/types\/product"}],"wp:featuredmedia":[{"embeddable":true,"href":"https:\/\/digelius.com\/fi\/wp-json\/wp\/v2\/media\/3147610"}],"wp:attachment":[{"href":"https:\/\/digelius.com\/fi\/wp-json\/wp\/v2\/media?parent=3139629"}],"wp:term":[{"taxonomy":"product_brand","embeddable":true,"href":"https:\/\/digelius.com\/fi\/wp-json\/wp\/v2\/product_brand?post=3139629"},{"taxonomy":"product_cat","embeddable":true,"href":"https:\/\/digelius.com\/fi\/wp-json\/wp\/v2\/product_cat?post=3139629"},{"taxonomy":"product_tag","embeddable":true,"href":"https:\/\/digelius.com\/fi\/wp-json\/wp\/v2\/product_tag?post=3139629"}],"curies":[{"name":"wp","href":"https:\/\/api.w.org\/{rel}","templated":true}]}}