{"id":3139815,"date":"2025-10-22T23:40:29","date_gmt":"2025-10-22T20:40:29","guid":{"rendered":"https:\/\/digelius.com\/product\/les-incendiaires-2-les-incendiaires\/"},"modified":"2025-12-17T16:10:23","modified_gmt":"2025-12-17T14:10:23","slug":"les-incendiaires-2-les-incendiaires","status":"publish","type":"product","link":"https:\/\/digelius.com\/fi\/product\/les-incendiaires-2-les-incendiaires\/","title":{"rendered":"Les Incendiaires (2): Les Incendiaires"},"content":{"rendered":"<\/p>\n<p>Enregistr\u00e9 \u00e0 l&#8217;\u00c9cole de Musique Guy Laurent \u00e0 Saint-Fons en juin 2015 et \u00e0 Brignais en juillet 2015.<\/p>\n","protected":false},"excerpt":{"rendered":"<p>Media Condition: Near Mint (NM or M-)<\/p>\n<p>Sleeve Condition: Near Mint (NM or M-)<\/p>\n<p>Label: ARFI<\/p>\n<p>Released: 2015<\/p>\n","protected":false},"featured_media":3147522,"template":"","meta":{"_acf_changed":false},"product_brand":[],"product_cat":[16,96],"product_tag":[],"class_list":{"0":"post-3139815","1":"product","2":"type-product","3":"status-publish","4":"has-post-thumbnail","6":"product_cat-jazz","7":"product_cat-jazz-fi","9":"first","10":"instock","11":"taxable","12":"shipping-taxable","13":"purchasable","14":"product-type-simple"},"acf":[],"mb":[],"mfb_rest_fields":["title"],"_links":{"self":[{"href":"https:\/\/digelius.com\/fi\/wp-json\/wp\/v2\/product\/3139815","targetHints":{"allow":["GET"]}}],"collection":[{"href":"https:\/\/digelius.com\/fi\/wp-json\/wp\/v2\/product"}],"about":[{"href":"https:\/\/digelius.com\/fi\/wp-json\/wp\/v2\/types\/product"}],"wp:featuredmedia":[{"embeddable":true,"href":"https:\/\/digelius.com\/fi\/wp-json\/wp\/v2\/media\/3147522"}],"wp:attachment":[{"href":"https:\/\/digelius.com\/fi\/wp-json\/wp\/v2\/media?parent=3139815"}],"wp:term":[{"taxonomy":"product_brand","embeddable":true,"href":"https:\/\/digelius.com\/fi\/wp-json\/wp\/v2\/product_brand?post=3139815"},{"taxonomy":"product_cat","embeddable":true,"href":"https:\/\/digelius.com\/fi\/wp-json\/wp\/v2\/product_cat?post=3139815"},{"taxonomy":"product_tag","embeddable":true,"href":"https:\/\/digelius.com\/fi\/wp-json\/wp\/v2\/product_tag?post=3139815"}],"curies":[{"name":"wp","href":"https:\/\/api.w.org\/{rel}","templated":true}]}}