{"id":3139830,"date":"2025-10-23T00:10:34","date_gmt":"2025-10-22T21:10:34","guid":{"rendered":"https:\/\/digelius.com\/product\/mopo-jee\/"},"modified":"2025-12-17T16:40:20","modified_gmt":"2025-12-17T14:40:20","slug":"mopo-jee","status":"publish","type":"product","link":"https:\/\/digelius.com\/fi\/product\/mopo-jee\/","title":{"rendered":"Mopo: Jee!"},"content":{"rendered":"<\/p>\n<p>Recorded in J\u00e4rvenp\u00e4\u00e4 at Kallio-Kuninkala 23.-26.10.2011<br \/>\nMastered at Mimix Studio<\/p>\n<p>Track 2 studio live<\/p>\n","protected":false},"excerpt":{"rendered":"<p>Media Condition: Near Mint (NM or M-)<\/p>\n<p>Sleeve Condition: Near Mint (NM or M-)<\/p>\n<p>Label: Texicalli Records<\/p>\n<p>Released: 2012<\/p>\n","protected":false},"featured_media":3147516,"template":"","meta":{"_acf_changed":false},"product_brand":[],"product_cat":[16],"product_tag":[],"class_list":{"0":"post-3139830","1":"product","2":"type-product","3":"status-publish","4":"has-post-thumbnail","6":"product_cat-jazz","8":"first","9":"instock","10":"taxable","11":"shipping-taxable","12":"purchasable","13":"product-type-simple"},"acf":[],"mb":[],"mfb_rest_fields":["title"],"_links":{"self":[{"href":"https:\/\/digelius.com\/fi\/wp-json\/wp\/v2\/product\/3139830","targetHints":{"allow":["GET"]}}],"collection":[{"href":"https:\/\/digelius.com\/fi\/wp-json\/wp\/v2\/product"}],"about":[{"href":"https:\/\/digelius.com\/fi\/wp-json\/wp\/v2\/types\/product"}],"wp:featuredmedia":[{"embeddable":true,"href":"https:\/\/digelius.com\/fi\/wp-json\/wp\/v2\/media\/3147516"}],"wp:attachment":[{"href":"https:\/\/digelius.com\/fi\/wp-json\/wp\/v2\/media?parent=3139830"}],"wp:term":[{"taxonomy":"product_brand","embeddable":true,"href":"https:\/\/digelius.com\/fi\/wp-json\/wp\/v2\/product_brand?post=3139830"},{"taxonomy":"product_cat","embeddable":true,"href":"https:\/\/digelius.com\/fi\/wp-json\/wp\/v2\/product_cat?post=3139830"},{"taxonomy":"product_tag","embeddable":true,"href":"https:\/\/digelius.com\/fi\/wp-json\/wp\/v2\/product_tag?post=3139830"}],"curies":[{"name":"wp","href":"https:\/\/api.w.org\/{rel}","templated":true}]}}