{"id":3140269,"date":"2025-10-23T16:10:22","date_gmt":"2025-10-23T13:10:22","guid":{"rendered":"https:\/\/digelius.com\/product\/daniel-erdmann-francis-le-bras-daniel-erdmann-francis-le-bras\/"},"modified":"2025-12-18T13:40:23","modified_gmt":"2025-12-18T11:40:23","slug":"daniel-erdmann-francis-le-bras-daniel-erdmann-francis-le-bras","status":"publish","type":"product","link":"https:\/\/digelius.com\/fi\/product\/daniel-erdmann-francis-le-bras-daniel-erdmann-francis-le-bras\/","title":{"rendered":"Daniel Erdmann + Francis Le Bras: Daniel Erdmann + Francis Le Bras"},"content":{"rendered":"<\/p>\n<p>Recorded on June 18 and 19, 2007 in &#8221;la com\u00e8te &#8211; sc\u00e8ne nationale de Ch\u00e2lons-en-Champagne&#8221;<br \/>\nMixed on December 6, 2007<br \/>\nMastered on January 15, 2008<br \/>\nDigipak<\/p>\n","protected":false},"excerpt":{"rendered":"<p>Media Condition: Near Mint (NM or M-)<\/p>\n<p>Sleeve Condition: Very Good Plus (VG+)<\/p>\n<p>Label: Vents D&#8217;Est<\/p>\n<p>Released: 2008<\/p>\n","protected":false},"featured_media":3147296,"template":"","meta":{"_acf_changed":false},"product_brand":[],"product_cat":[16],"product_tag":[],"class_list":{"0":"post-3140269","1":"product","2":"type-product","3":"status-publish","4":"has-post-thumbnail","6":"product_cat-jazz","8":"first","9":"instock","10":"taxable","11":"shipping-taxable","12":"purchasable","13":"product-type-simple"},"acf":[],"mb":[],"mfb_rest_fields":["title"],"_links":{"self":[{"href":"https:\/\/digelius.com\/fi\/wp-json\/wp\/v2\/product\/3140269","targetHints":{"allow":["GET"]}}],"collection":[{"href":"https:\/\/digelius.com\/fi\/wp-json\/wp\/v2\/product"}],"about":[{"href":"https:\/\/digelius.com\/fi\/wp-json\/wp\/v2\/types\/product"}],"wp:featuredmedia":[{"embeddable":true,"href":"https:\/\/digelius.com\/fi\/wp-json\/wp\/v2\/media\/3147296"}],"wp:attachment":[{"href":"https:\/\/digelius.com\/fi\/wp-json\/wp\/v2\/media?parent=3140269"}],"wp:term":[{"taxonomy":"product_brand","embeddable":true,"href":"https:\/\/digelius.com\/fi\/wp-json\/wp\/v2\/product_brand?post=3140269"},{"taxonomy":"product_cat","embeddable":true,"href":"https:\/\/digelius.com\/fi\/wp-json\/wp\/v2\/product_cat?post=3140269"},{"taxonomy":"product_tag","embeddable":true,"href":"https:\/\/digelius.com\/fi\/wp-json\/wp\/v2\/product_tag?post=3140269"}],"curies":[{"name":"wp","href":"https:\/\/api.w.org\/{rel}","templated":true}]}}