{"id":3140581,"date":"2025-11-18T16:10:32","date_gmt":"2025-11-18T14:10:32","guid":{"rendered":"https:\/\/digelius.com\/product\/various-legends-of-benin\/"},"modified":"2026-02-17T10:57:11","modified_gmt":"2026-02-17T08:57:11","slug":"various-legends-of-benin","status":"publish","type":"product","link":"https:\/\/digelius.com\/fi\/product\/various-legends-of-benin\/","title":{"rendered":"Various: Legends Of Benin"},"content":{"rendered":"<\/p>\n<p>Analog Africa No.5 &#8211; Legends of Benin<br \/>\n&#8221;Afro-Funk &#8211; Cavacha &#8211; Agbadja &#8211; Afro-Beat&#8221; 1969-1981<br \/>\n&#8221;All Tracks Licensed from Albarika Store, Honor\u00e9 Avolonto, Theophile Do Rego, Antoine Dougb\u00e9 et Fils and \u00c9ditions Gnoinsop\u00e9&#8221;<br \/>\nReleased in gatefold sleeve including full colour printed inner sleeves.<\/p>\n","protected":false},"excerpt":{"rendered":"<p>Media Condition: Mint (M)<\/p>\n<p>Sleeve Condition: Mint (M)<\/p>\n<p>Label: Analog Africa<\/p>\n<p>Released: 2009<\/p>\n","protected":false},"featured_media":3147220,"template":"","meta":{"_acf_changed":false},"product_brand":[],"product_cat":[31,58],"product_tag":[],"class_list":{"0":"post-3140581","1":"product","2":"type-product","3":"status-publish","4":"has-post-thumbnail","6":"product_cat-folk-world-country","7":"product_cat-funk-soul","9":"first","10":"instock","11":"taxable","12":"shipping-taxable","13":"purchasable","14":"product-type-simple"},"acf":[],"mb":[],"mfb_rest_fields":["title"],"_links":{"self":[{"href":"https:\/\/digelius.com\/fi\/wp-json\/wp\/v2\/product\/3140581","targetHints":{"allow":["GET"]}}],"collection":[{"href":"https:\/\/digelius.com\/fi\/wp-json\/wp\/v2\/product"}],"about":[{"href":"https:\/\/digelius.com\/fi\/wp-json\/wp\/v2\/types\/product"}],"wp:featuredmedia":[{"embeddable":true,"href":"https:\/\/digelius.com\/fi\/wp-json\/wp\/v2\/media\/3147220"}],"wp:attachment":[{"href":"https:\/\/digelius.com\/fi\/wp-json\/wp\/v2\/media?parent=3140581"}],"wp:term":[{"taxonomy":"product_brand","embeddable":true,"href":"https:\/\/digelius.com\/fi\/wp-json\/wp\/v2\/product_brand?post=3140581"},{"taxonomy":"product_cat","embeddable":true,"href":"https:\/\/digelius.com\/fi\/wp-json\/wp\/v2\/product_cat?post=3140581"},{"taxonomy":"product_tag","embeddable":true,"href":"https:\/\/digelius.com\/fi\/wp-json\/wp\/v2\/product_tag?post=3140581"}],"curies":[{"name":"wp","href":"https:\/\/api.w.org\/{rel}","templated":true}]}}