{"id":3141779,"date":"2025-12-16T05:10:28","date_gmt":"2025-12-16T03:10:28","guid":{"rendered":"https:\/\/digelius.com\/product\/various-2015-2025-les-disques-bongo-joe-10-years-of-sonic-explorations\/"},"modified":"2026-02-16T18:01:28","modified_gmt":"2026-02-16T16:01:28","slug":"various-2015-2025-les-disques-bongo-joe-10-years-of-sonic-explorations","status":"publish","type":"product","link":"https:\/\/digelius.com\/fi\/product\/various-2015-2025-les-disques-bongo-joe-10-years-of-sonic-explorations\/","title":{"rendered":"Various: 2015-2025 Les Disques Bongo Joe 10 Years of Sonic Explorations"},"content":{"rendered":"<\/p>\n<p>ALAIN PETERS \u2013 Plime la mis\u00e8re<br \/>\nBJR007<br \/>\nMusic by Alain Peters &amp; Lyrics by Jean Albany<br \/>\nALAIN PETERS \u2013 Rest\u2019La Maloya (2016) &#8211; LP<br \/>\nOriginally released in 1998<\/p>\n<p>ALTIN G\u00dcN \u2013 Goca D\u00fcnya<br \/>\nBJR4502 \/ BJR025<br \/>\nMusic by Onur Gen\u00e7er &amp; Lyrics by Abdullah Nail Bay\u015fu &#8211; LP<br \/>\nALTIN G\u00dcN \u2013 Goca D\u00fcnya (2017) \/ ALTIN G\u00dcN \u2013 On (2018)<\/p>\n<p>MAUSKOVIC DANCE BAND \u2013 Bukaroo Bank<br \/>\nBJR082<br \/>\nMusic &amp; Lyrics by Mauskovic Dance Band feat. Kasper Frenkel Frank<br \/>\nMAUSKOVIC DANCE BAND \u2013 Bukaroo Bank (2022) &#8211; LP<\/p>\n<p>ESPLENDOR GEOM\u00c9TRICO \u2013 Mosc\u00fa est\u00e1 helado<br \/>\nBJR015<br \/>\nMusic &amp; Lyrics by Esplendor Geom\u00e9trico<br \/>\nVA \u2013 LA CONTRA OLA : Synth Wave &amp; Post Punk from Spain (2018) \u2013 2LP<br \/>\nOriginally released in 1981<\/p>\n<p>HYPERCULTE \u2013 Temps mort<br \/>\nBJR041<br \/>\nMusic &amp; Lyrics by Simone Aubert, Vincent Bertholet<br \/>\nHYPERCULTE \u2013 Massif Occidental (2019) &#8211; LP<\/p>\n<p>MADALITSO BAND \u2013 Wasakara<br \/>\nBJR058<br \/>\nMusic &amp; Lyrics by Yobu Maligwa, Yosefe Kalekeni<br \/>\nMADALITSO BAND \u2013 Musakayike (2022) &#8211; LP<\/p>\n<p>MERIDIAN BROTHERS \u2013 Puya del empresario<br \/>\nBJR054<br \/>\nMusic &amp; Lyrics by Eblis \u00c1lvarez<br \/>\nMERIDIAN BROTHERS \u2013 Cumbia Siglo XXI (2020) &#8211; LP<\/p>\n<p>DERYA YILDIRIM &amp; GRUP \u015eIM\u015eEK \u2013 Nem Kald\u0131<br \/>\nBJR014<br \/>\nMusic &amp; Lyrics by Derya Y\u0131ld\u0131r\u0131m &amp; Grup \u015eim\u015fek<br \/>\nDERYA YILDIRIM &amp; GRUP \u015eIM\u015eEK \u2013 Nem Kald\u0131 (2017) &#8211; LP<\/p>\n<p>NORDINE STALFI \u2013 Zinw Ezzinet<br \/>\nBJR045<br \/>\nMaghreb K7 Club<br \/>\nLyrics by Nordine Sta\u00effi<br \/>\nVA -MAGHREB K7 CLUB : Synth Ra\u00ef, Chaoui &amp; Sta\u00effi 1985\u20131997 (2020) \u2013 LP<br \/>\nOriginally released in 1985<\/p>\n<p>CYRIL CYRIL \u2013 Les Gens (Radio Edit)<br \/>\nBJR005<br \/>\nMusic &amp; Lyrics by Cyril Yeterian, Bondi Bondi<br \/>\nCYRIL CYRIL \u2013 Yallah Mickey Mouse (2030) &#8211; LP<\/p>\n<p>AFRICA NEGRA \u2013 Zimbabwe<br \/>\nBJR040<br \/>\nLyrics by Jo\u00e3o Seria<br \/>\nVA &#8211; L\u00c9VE L\u00c9VE : S\u00e3o Tom\u00e9 &amp; Principe sounds 70s-80s (2019) \u2013 2LP<br \/>\nOriginally released in 1981<\/p>\n<p>Y\u012aN Y\u012aN \u2013 One Inch Punch<br \/>\nBJR046<br \/>\nMusic by Yves Lennertz, Kees Berkers<br \/>\nY\u012aN Y\u012aN \u2013 The Rabbit That Hunts Tigers (2019) &#8211; LP<\/p>\n<p>LES ABRANIS \u2013 Chenar le blues<br \/>\nBJR020<br \/>\nMusic &amp; Lyrics by Karim Abdoon<br \/>\nLES ABRANIS \u2013 Amazigh Freedom Rock 1973-1983 (2023) \u2013 LP<br \/>\nOriginally released in 1977<\/p>\n<p>ORCHESTRE TOUT PUISSANT MARCEL DUCHAMP \u2013 Breath<br \/>\nBJR104<br \/>\nMusic by Vincent Bertholet &amp; Lyrics by Liz Moscarola, Spencer Bambrough<br \/>\nORCHESTRE TOUT PUISSANT MARCEL DUCHAMP \u2013 Vente Unique (2024)<\/p>\n<p>COCO MARIA \u2013 Me Veo Volar<br \/>\nBJR062<br \/>\nMusic by Max Weissenfeldt &amp; Lyrics by Ana Lucia Adame Delgado<br \/>\nVA \u2013 Club Coco (2021) &#8211; LP<\/p>\n<p>AMAMI \u2013 Ivory (Radio Edit)<br \/>\nBJR047<br \/>\nMusic &amp; Lyrics by In\u00e8s Mouzoune, Gabriel Ghebrezghi, Raphael Anker<br \/>\nAMAMI \u2013 Giant (2019) &#8211; LP<\/p>\n<p>LALALAR \u2013 Abla Deme Laz\u0131m Olur<br \/>\nBJR069<br \/>\nMusic Ali G\u00fc\u00e7l\u00fc \u015eim\u015fek, Barlas Tan \u00d6zemek &amp; Lyrics Ali G\u00fc\u00e7l\u00fc \u015eim\u015fek<br \/>\nLALALAR \u2013 Bi Cinnete Bakar (2022)<\/p>\n<p>NUSANTARA BEAT \u2013 Djanger<br \/>\nBJR45028<br \/>\nMusic &amp; Lyrics traditional<br \/>\nNUSANTARA BEAT \u2013 Djanger (2023) \u2013 7\u2019\u2019<\/p>\n<p>YALLA MIKU \u2013 Asmazate<br \/>\nBJR083<br \/>\nMusic &amp; Lyrics by Simon Aubert, Anouar Boua\u00efni, Cyril Bondi, Samuel Ades, Vincent Bertholet, Boussad Akhouayri, Cyril Yeterian<br \/>\nYALLA MIKU \u2013 S\/T (2023)<\/p>\n<p>CHOUK BWA &amp; THE ANGSTROMERS \u2013 Amounay<br \/>\nBJR108<br \/>\nMusic &amp; Lyrics by Jean Claude Dorvil<br \/>\nCHOUK BWA &amp; THE ANGSTROMERS \u2013 Live at Cafe Oto (2025)<\/p>\n<p>SAMI GALBI \u2013 Dakhchi Hani<br \/>\nBJR112<br \/>\nMusic &amp; Lyrics by Sami Galbi<br \/>\nSAMI GALBI \u2013 Ylh Bye Bye (2025)<\/p>\n<p>BABY BERSERK \u2013 What I Mean<br \/>\nBJR019<br \/>\nMusic &amp; Lyrics by Lysbet Elzinga, Mano Hollestelle, Peter Beales<br \/>\nBABY BERSERK \u2013 What I Mean (2020) \u2013 7\u2019\u2019<\/p>\n<p>DRESSED UP ANIMALS \u2013 Mondtanz<br \/>\nBJR050<br \/>\nMusic &amp; Lyrics by Karl Lowenherz &amp; Christof Colombus<br \/>\nVA \u2013 INTENTA : Experimental &amp; Electronic Music from Switzerland 1981\u201393 (2020)<br \/>\nOriginally released in 1983<\/p>\n<p>Artwork by David Mamie<\/p>\n<p>Original artworks by<br \/>\nGaspare Balducci, Francoiz Breut, Fred Fivaz, Bora Genel, Kara G\u00f6z\u00fckt\u00fc Kaptan, Lisanne Janssen, Ma\u00afra Krastin,a, F\u00e9licit\u00e9 Landrivon, Yves Lenertz, David Mamie, Flor van het Nederend, Dove Perspicacius, Mateo Rivano, Gaye Su Akyol, Glenda Torado, Chi-Long Trieu, Felix Vincent, Madame Ipsum, Razab.<\/p>\n","protected":false},"excerpt":{"rendered":"<p>Media Condition: Mint (M)<\/p>\n<p>Sleeve Condition: Mint (M)<\/p>\n<p>Label: Les Disques Bongo Joe<\/p>\n<p>Released: 2025<\/p>\n","protected":false},"featured_media":3147130,"template":"","meta":{"_acf_changed":false},"product_brand":[],"product_cat":[22,94,31,92,58,95,96,16,135,5403,98,27],"product_tag":[],"class_list":{"0":"post-3141779","1":"product","2":"type-product","3":"status-publish","4":"has-post-thumbnail","6":"product_cat-electronic","7":"product_cat-electronic-fi","8":"product_cat-folk-world-country","9":"product_cat-folk-world-country-fi","10":"product_cat-funk-soul","11":"product_cat-funk-soul-fi","12":"product_cat-jazz-fi","13":"product_cat-jazz","14":"product_cat-latin","15":"product_cat-latin-fi","16":"product_cat-rock-fi","17":"product_cat-rock","19":"first","20":"instock","21":"taxable","22":"shipping-taxable","23":"purchasable","24":"product-type-simple"},"acf":[],"mb":[],"mfb_rest_fields":["title"],"_links":{"self":[{"href":"https:\/\/digelius.com\/fi\/wp-json\/wp\/v2\/product\/3141779","targetHints":{"allow":["GET"]}}],"collection":[{"href":"https:\/\/digelius.com\/fi\/wp-json\/wp\/v2\/product"}],"about":[{"href":"https:\/\/digelius.com\/fi\/wp-json\/wp\/v2\/types\/product"}],"wp:featuredmedia":[{"embeddable":true,"href":"https:\/\/digelius.com\/fi\/wp-json\/wp\/v2\/media\/3147130"}],"wp:attachment":[{"href":"https:\/\/digelius.com\/fi\/wp-json\/wp\/v2\/media?parent=3141779"}],"wp:term":[{"taxonomy":"product_brand","embeddable":true,"href":"https:\/\/digelius.com\/fi\/wp-json\/wp\/v2\/product_brand?post=3141779"},{"taxonomy":"product_cat","embeddable":true,"href":"https:\/\/digelius.com\/fi\/wp-json\/wp\/v2\/product_cat?post=3141779"},{"taxonomy":"product_tag","embeddable":true,"href":"https:\/\/digelius.com\/fi\/wp-json\/wp\/v2\/product_tag?post=3141779"}],"curies":[{"name":"wp","href":"https:\/\/api.w.org\/{rel}","templated":true}]}}