{"id":3141920,"date":"2025-12-16T09:10:22","date_gmt":"2025-12-16T07:10:22","guid":{"rendered":"https:\/\/digelius.com\/product\/wainamoiset-wainamoiset\/"},"modified":"2026-02-16T21:31:57","modified_gmt":"2026-02-16T19:31:57","slug":"wainamoiset-wainamoiset","status":"publish","type":"product","link":"https:\/\/digelius.com\/fi\/product\/wainamoiset-wainamoiset\/","title":{"rendered":"W\u00e4in\u00e4m\u00f6iset: W\u00e4in\u00e4m\u00f6iset"},"content":{"rendered":"<\/p>\n","protected":false},"excerpt":{"rendered":"<p>Media Condition: Very Good Plus (VG+)<\/p>\n<p>Sleeve Condition: Near Mint (NM or M-)<\/p>\n<p>Label: Not On Label<\/p>\n<p>Released: 0<\/p>\n","protected":false},"featured_media":3147058,"template":"","meta":{"_acf_changed":false},"product_brand":[],"product_cat":[16,96],"product_tag":[],"class_list":{"0":"post-3141920","1":"product","2":"type-product","3":"status-publish","4":"has-post-thumbnail","6":"product_cat-jazz","7":"product_cat-jazz-fi","9":"first","10":"instock","11":"taxable","12":"shipping-taxable","13":"purchasable","14":"product-type-simple"},"acf":[],"mb":[],"mfb_rest_fields":["title"],"_links":{"self":[{"href":"https:\/\/digelius.com\/fi\/wp-json\/wp\/v2\/product\/3141920","targetHints":{"allow":["GET"]}}],"collection":[{"href":"https:\/\/digelius.com\/fi\/wp-json\/wp\/v2\/product"}],"about":[{"href":"https:\/\/digelius.com\/fi\/wp-json\/wp\/v2\/types\/product"}],"wp:featuredmedia":[{"embeddable":true,"href":"https:\/\/digelius.com\/fi\/wp-json\/wp\/v2\/media\/3147058"}],"wp:attachment":[{"href":"https:\/\/digelius.com\/fi\/wp-json\/wp\/v2\/media?parent=3141920"}],"wp:term":[{"taxonomy":"product_brand","embeddable":true,"href":"https:\/\/digelius.com\/fi\/wp-json\/wp\/v2\/product_brand?post=3141920"},{"taxonomy":"product_cat","embeddable":true,"href":"https:\/\/digelius.com\/fi\/wp-json\/wp\/v2\/product_cat?post=3141920"},{"taxonomy":"product_tag","embeddable":true,"href":"https:\/\/digelius.com\/fi\/wp-json\/wp\/v2\/product_tag?post=3141920"}],"curies":[{"name":"wp","href":"https:\/\/api.w.org\/{rel}","templated":true}]}}