{"id":3142126,"date":"2025-12-16T14:40:24","date_gmt":"2025-12-16T12:40:24","guid":{"rendered":"https:\/\/digelius.com\/product\/olafur-jonsson-3-timi-til-kominn\/"},"modified":"2026-02-17T05:57:17","modified_gmt":"2026-02-17T03:57:17","slug":"olafur-jonsson-3-timi-til-kominn","status":"publish","type":"product","link":"https:\/\/digelius.com\/fi\/product\/olafur-jonsson-3-timi-til-kominn\/","title":{"rendered":"\u00d3lafur J\u00f3nsson (3): T\u00edmi Til Kominn"},"content":{"rendered":"<p>Still sealed<\/p><\/p>\n","protected":false},"excerpt":{"rendered":"<p>Media Condition: Mint (M)<\/p>\n<p>Sleeve Condition: Mint (M)<\/p>\n<p>Label: OJ Music<\/p>\n<p>Released: 2017<\/p>\n","protected":false},"featured_media":3146956,"template":"","meta":{"_acf_changed":false},"product_brand":[],"product_cat":[16],"product_tag":[],"class_list":{"0":"post-3142126","1":"product","2":"type-product","3":"status-publish","4":"has-post-thumbnail","6":"product_cat-jazz","8":"first","9":"instock","10":"taxable","11":"shipping-taxable","12":"purchasable","13":"product-type-simple"},"acf":[],"mb":[],"mfb_rest_fields":["title"],"_links":{"self":[{"href":"https:\/\/digelius.com\/fi\/wp-json\/wp\/v2\/product\/3142126","targetHints":{"allow":["GET"]}}],"collection":[{"href":"https:\/\/digelius.com\/fi\/wp-json\/wp\/v2\/product"}],"about":[{"href":"https:\/\/digelius.com\/fi\/wp-json\/wp\/v2\/types\/product"}],"wp:featuredmedia":[{"embeddable":true,"href":"https:\/\/digelius.com\/fi\/wp-json\/wp\/v2\/media\/3146956"}],"wp:attachment":[{"href":"https:\/\/digelius.com\/fi\/wp-json\/wp\/v2\/media?parent=3142126"}],"wp:term":[{"taxonomy":"product_brand","embeddable":true,"href":"https:\/\/digelius.com\/fi\/wp-json\/wp\/v2\/product_brand?post=3142126"},{"taxonomy":"product_cat","embeddable":true,"href":"https:\/\/digelius.com\/fi\/wp-json\/wp\/v2\/product_cat?post=3142126"},{"taxonomy":"product_tag","embeddable":true,"href":"https:\/\/digelius.com\/fi\/wp-json\/wp\/v2\/product_tag?post=3142126"}],"curies":[{"name":"wp","href":"https:\/\/api.w.org\/{rel}","templated":true}]}}