{"id":3146174,"date":"2026-01-22T12:58:21","date_gmt":"2026-01-22T10:58:21","guid":{"rendered":"https:\/\/digelius.com\/product\/jean-baptiste-loutte-gemini\/"},"modified":"2026-02-14T14:33:57","modified_gmt":"2026-02-14T12:33:57","slug":"jean-baptiste-loutte-gemini","status":"publish","type":"product","link":"https:\/\/digelius.com\/fi\/product\/jean-baptiste-loutte-gemini\/","title":{"rendered":"Jean-Baptiste Loutte: GEMINI"},"content":{"rendered":"<\/p>\n<p>Avec \u00ab GEMINI \u00bb, son premier opus enregistr\u00e9 \u00e0 la mani\u00e8re d\u2019un \u00ab home-studio \u00bb, on retrouve bien le lyrisme d\u00e9bordant qui caract\u00e9rise Jean-Baptiste LOUTTE et qui t\u00e9moigne de son go\u00fbt pour le chant et le chantant. Sur cet album, en effet, le jeune musicien \u00ab chante \u00bb non seulement avec sa batterie et ses percussions (et d\u2019autres instruments, d\u2019ailleurs), mais aussi avec sa voix &#8211; qui n\u2019est pas sans rappeler celle de Chet Baker &#8211; merveilleuse conteuse d\u2019histoires sur ses m\u00e9lodies.<\/p>\n","protected":false},"excerpt":{"rendered":"<p>Media Condition: Near Mint (NM or M-)<\/p>\n<p>Sleeve Condition: Very Good Plus (VG+)<\/p>\n<p>Label: Parallel Records<\/p>\n<p>Released: 2024<\/p>\n","protected":false},"featured_media":3146175,"template":"","meta":{"_acf_changed":false},"product_brand":[],"product_cat":[17],"product_tag":[],"class_list":{"0":"post-3146174","1":"product","2":"type-product","3":"status-publish","4":"has-post-thumbnail","6":"product_cat-blues","8":"first","9":"instock","10":"taxable","11":"shipping-taxable","12":"purchasable","13":"product-type-simple"},"acf":[],"mb":[],"mfb_rest_fields":["title"],"_links":{"self":[{"href":"https:\/\/digelius.com\/fi\/wp-json\/wp\/v2\/product\/3146174","targetHints":{"allow":["GET"]}}],"collection":[{"href":"https:\/\/digelius.com\/fi\/wp-json\/wp\/v2\/product"}],"about":[{"href":"https:\/\/digelius.com\/fi\/wp-json\/wp\/v2\/types\/product"}],"wp:featuredmedia":[{"embeddable":true,"href":"https:\/\/digelius.com\/fi\/wp-json\/wp\/v2\/media\/3146175"}],"wp:attachment":[{"href":"https:\/\/digelius.com\/fi\/wp-json\/wp\/v2\/media?parent=3146174"}],"wp:term":[{"taxonomy":"product_brand","embeddable":true,"href":"https:\/\/digelius.com\/fi\/wp-json\/wp\/v2\/product_brand?post=3146174"},{"taxonomy":"product_cat","embeddable":true,"href":"https:\/\/digelius.com\/fi\/wp-json\/wp\/v2\/product_cat?post=3146174"},{"taxonomy":"product_tag","embeddable":true,"href":"https:\/\/digelius.com\/fi\/wp-json\/wp\/v2\/product_tag?post=3146174"}],"curies":[{"name":"wp","href":"https:\/\/api.w.org\/{rel}","templated":true}]}}