{"id":3146526,"date":"2026-01-22T13:57:24","date_gmt":"2026-01-22T11:57:24","guid":{"rendered":"https:\/\/digelius.com\/product\/libera-societa-di-improvvisazione-al-malaiko-noskema\/"},"modified":"2026-02-16T03:31:45","modified_gmt":"2026-02-16T01:31:45","slug":"libera-societa-di-improvvisazione-al-malaiko-noskema","status":"publish","type":"product","link":"https:\/\/digelius.com\/fi\/product\/libera-societa-di-improvvisazione-al-malaiko-noskema\/","title":{"rendered":"Libera Societ\u00e0 Di Improvvisazione: Al M\u00e0laiko Nosk\u00e8ma"},"content":{"rendered":"<\/p>\n<p>Recorded November 1996 and April 1997 at Studio Risonanze, Rome<\/p>\n","protected":false},"excerpt":{"rendered":"<p>Media Condition: Near Mint (NM or M-)<\/p>\n<p>Sleeve Condition: Near Mint (NM or M-)<\/p>\n<p>Label: Leo Lab<\/p>\n<p>Released: 1999<\/p>\n","protected":false},"featured_media":3146527,"template":"","meta":{"_acf_changed":false},"product_brand":[],"product_cat":[16],"product_tag":[],"class_list":{"0":"post-3146526","1":"product","2":"type-product","3":"status-publish","4":"has-post-thumbnail","6":"product_cat-jazz","8":"first","9":"instock","10":"taxable","11":"shipping-taxable","12":"purchasable","13":"product-type-simple"},"acf":[],"mb":[],"mfb_rest_fields":["title"],"_links":{"self":[{"href":"https:\/\/digelius.com\/fi\/wp-json\/wp\/v2\/product\/3146526","targetHints":{"allow":["GET"]}}],"collection":[{"href":"https:\/\/digelius.com\/fi\/wp-json\/wp\/v2\/product"}],"about":[{"href":"https:\/\/digelius.com\/fi\/wp-json\/wp\/v2\/types\/product"}],"wp:featuredmedia":[{"embeddable":true,"href":"https:\/\/digelius.com\/fi\/wp-json\/wp\/v2\/media\/3146527"}],"wp:attachment":[{"href":"https:\/\/digelius.com\/fi\/wp-json\/wp\/v2\/media?parent=3146526"}],"wp:term":[{"taxonomy":"product_brand","embeddable":true,"href":"https:\/\/digelius.com\/fi\/wp-json\/wp\/v2\/product_brand?post=3146526"},{"taxonomy":"product_cat","embeddable":true,"href":"https:\/\/digelius.com\/fi\/wp-json\/wp\/v2\/product_cat?post=3146526"},{"taxonomy":"product_tag","embeddable":true,"href":"https:\/\/digelius.com\/fi\/wp-json\/wp\/v2\/product_tag?post=3146526"}],"curies":[{"name":"wp","href":"https:\/\/api.w.org\/{rel}","templated":true}]}}