{"id":3146652,"date":"2026-01-22T13:59:46","date_gmt":"2026-01-22T11:59:46","guid":{"rendered":"https:\/\/digelius.com\/product\/jyvaskyla-workshop-band-1970-jyvaskyla-workshop-band-1970\/"},"modified":"2026-02-16T07:31:46","modified_gmt":"2026-02-16T05:31:46","slug":"jyvaskyla-workshop-band-1970-jyvaskyla-workshop-band-1970","status":"publish","type":"product","link":"https:\/\/digelius.com\/fi\/product\/jyvaskyla-workshop-band-1970-jyvaskyla-workshop-band-1970\/","title":{"rendered":"Jyv\u00e4skyl\u00e4 Workshop Band 1970: Jyv\u00e4skyl\u00e4 Workshop Band 1970"},"content":{"rendered":"<\/p>\n<p>Jyv\u00e4skyl\u00e4 Arts Festival Workshop Band recorded live on the 7th of July 1970<\/p>\n","protected":false},"excerpt":{"rendered":"<p>Media Condition: Mint (M)<\/p>\n<p>Sleeve Condition: Mint (M)<\/p>\n<p>Label: Jazzaggression Records<\/p>\n<p>Released: 2025<\/p>\n","protected":false},"featured_media":3146653,"template":"","meta":{"_acf_changed":false},"product_brand":[],"product_cat":[16],"product_tag":[],"class_list":{"0":"post-3146652","1":"product","2":"type-product","3":"status-publish","4":"has-post-thumbnail","6":"product_cat-jazz","8":"first","9":"instock","10":"taxable","11":"shipping-taxable","12":"purchasable","13":"product-type-simple"},"acf":[],"mb":[],"mfb_rest_fields":["title"],"_links":{"self":[{"href":"https:\/\/digelius.com\/fi\/wp-json\/wp\/v2\/product\/3146652","targetHints":{"allow":["GET"]}}],"collection":[{"href":"https:\/\/digelius.com\/fi\/wp-json\/wp\/v2\/product"}],"about":[{"href":"https:\/\/digelius.com\/fi\/wp-json\/wp\/v2\/types\/product"}],"wp:featuredmedia":[{"embeddable":true,"href":"https:\/\/digelius.com\/fi\/wp-json\/wp\/v2\/media\/3146653"}],"wp:attachment":[{"href":"https:\/\/digelius.com\/fi\/wp-json\/wp\/v2\/media?parent=3146652"}],"wp:term":[{"taxonomy":"product_brand","embeddable":true,"href":"https:\/\/digelius.com\/fi\/wp-json\/wp\/v2\/product_brand?post=3146652"},{"taxonomy":"product_cat","embeddable":true,"href":"https:\/\/digelius.com\/fi\/wp-json\/wp\/v2\/product_cat?post=3146652"},{"taxonomy":"product_tag","embeddable":true,"href":"https:\/\/digelius.com\/fi\/wp-json\/wp\/v2\/product_tag?post=3146652"}],"curies":[{"name":"wp","href":"https:\/\/api.w.org\/{rel}","templated":true}]}}