{"id":3146691,"date":"2026-01-22T14:00:31","date_gmt":"2026-01-22T12:00:31","guid":{"rendered":"https:\/\/digelius.com\/product\/ismo-alanko-jaatyneita-lauluja\/"},"modified":"2026-02-16T08:31:52","modified_gmt":"2026-02-16T06:31:52","slug":"ismo-alanko-jaatyneita-lauluja","status":"publish","type":"product","link":"https:\/\/digelius.com\/fi\/product\/ismo-alanko-jaatyneita-lauluja\/","title":{"rendered":"Ismo Alanko: J\u00e4\u00e4tyneit\u00e4 Lauluja"},"content":{"rendered":"<\/p>\n<p>Includes inner sleeve with interview and previously unreleased photos.<\/p>\n","protected":false},"excerpt":{"rendered":"<p>Media Condition: Mint (M)<\/p>\n<p>Sleeve Condition: Mint (M)<\/p>\n<p>Label: Svart Records,Svart Records<\/p>\n<p>Released: 2019<\/p>\n","protected":false},"featured_media":3146692,"template":"","meta":{"_acf_changed":false},"product_brand":[],"product_cat":[22,27],"product_tag":[],"class_list":{"0":"post-3146691","1":"product","2":"type-product","3":"status-publish","4":"has-post-thumbnail","6":"product_cat-electronic","7":"product_cat-rock","9":"first","10":"instock","11":"taxable","12":"shipping-taxable","13":"purchasable","14":"product-type-simple"},"acf":[],"mb":[],"mfb_rest_fields":["title"],"_links":{"self":[{"href":"https:\/\/digelius.com\/fi\/wp-json\/wp\/v2\/product\/3146691","targetHints":{"allow":["GET"]}}],"collection":[{"href":"https:\/\/digelius.com\/fi\/wp-json\/wp\/v2\/product"}],"about":[{"href":"https:\/\/digelius.com\/fi\/wp-json\/wp\/v2\/types\/product"}],"wp:featuredmedia":[{"embeddable":true,"href":"https:\/\/digelius.com\/fi\/wp-json\/wp\/v2\/media\/3146692"}],"wp:attachment":[{"href":"https:\/\/digelius.com\/fi\/wp-json\/wp\/v2\/media?parent=3146691"}],"wp:term":[{"taxonomy":"product_brand","embeddable":true,"href":"https:\/\/digelius.com\/fi\/wp-json\/wp\/v2\/product_brand?post=3146691"},{"taxonomy":"product_cat","embeddable":true,"href":"https:\/\/digelius.com\/fi\/wp-json\/wp\/v2\/product_cat?post=3146691"},{"taxonomy":"product_tag","embeddable":true,"href":"https:\/\/digelius.com\/fi\/wp-json\/wp\/v2\/product_tag?post=3146691"}],"curies":[{"name":"wp","href":"https:\/\/api.w.org\/{rel}","templated":true}]}}