{"id":3160666,"date":"2026-02-04T20:45:09","date_gmt":"2026-02-04T18:45:09","guid":{"rendered":"https:\/\/digelius.com\/?post_type=product&#038;p=3160666"},"modified":"2026-02-04T20:45:10","modified_gmt":"2026-02-04T18:45:10","slug":"pre-order-stephen-omalley-spheres-collapser-27-2-2026","status":"publish","type":"product","link":"https:\/\/digelius.com\/fi\/product\/pre-order-stephen-omalley-spheres-collapser-27-2-2026\/","title":{"rendered":"Pre-order: Stephen O&#8217;Malley &#8211; Spheres Collapser 27.2.2026"},"content":{"rendered":"<p><strong>Tracklist:<\/strong><\/p>\n<ol>\n<li>Phase I Organ<\/li>\n<li>Phase II Organ<\/li>\n<\/ol>\n","protected":false},"excerpt":{"rendered":"XKatedral in collaboration with La Becque Editions are proud to present a new album release from Stephen O\u2019Malley, co-founder of SUNN O))). This record contains two long-form compositions for pipe organ by Stephen O\u2019Malley, which he performs alongside Kali Malone and Frederikke Hoffmeier.\r\n\r\nThe album was recorded on Les Grandes Orgues (Scherrer (1777), Walker (1867), Kuhn (1995)) at \u00c9glise Saint-Fran\u00e7ois, Lausanne, Switzerland, on Christmas 2021, initially composed by Stephen within a suite titled Les Sph\u00e8res (effondrez-les) Phases I-V, for a collaboration with Belgian\/Swiss choreographer Cindy Van Acker.\r\n\r\nStephen O\u2019Malley is a guitarist, producer, composer, and visual artist who has conceptualized and participated in numerous drone and experimental music groups for over two decades \u2013 SUNN O))), KTL, and Khanate being among his best-known creations. Wildly prolific, O\u2019Malley\u2019s oeuvre is defined by its remarkable breadth, complexity and multidisciplinary interests. It includes collaborations with a wide range of experimental artists, including Scott Walker, Kali Malone, Alvin Lucier, choreographer Gis\u00e8le Vienne, the authors Dennis Cooper and Alan Moore, Peter Rehberg, Fujiko Nakaya, Jim Jarmusch, Johan Johansson, experimental music research centers IRCAM<span class=\"bcTruncateMore\">, INA-GRM (Paris), EMS (Stockholm) and many others. O\u2019Malley is also a vigorous live performer and has toured around the world since 2000. His live performances feature a reverberating fog of electric guitar minimalism \u2013 sorcery that challenges boundaries of space and time.<\/span>","protected":false},"featured_media":3160668,"template":"","meta":{"_acf_changed":false},"product_brand":[],"product_cat":[8012],"product_tag":[],"class_list":{"0":"post-3160666","1":"product","2":"type-product","3":"status-publish","4":"has-post-thumbnail","6":"product_cat-experimental","8":"first","9":"instock","10":"taxable","11":"shipping-taxable","12":"purchasable","13":"product-type-simple"},"acf":[],"mb":[],"mfb_rest_fields":["title"],"_links":{"self":[{"href":"https:\/\/digelius.com\/fi\/wp-json\/wp\/v2\/product\/3160666","targetHints":{"allow":["GET"]}}],"collection":[{"href":"https:\/\/digelius.com\/fi\/wp-json\/wp\/v2\/product"}],"about":[{"href":"https:\/\/digelius.com\/fi\/wp-json\/wp\/v2\/types\/product"}],"wp:featuredmedia":[{"embeddable":true,"href":"https:\/\/digelius.com\/fi\/wp-json\/wp\/v2\/media\/3160668"}],"wp:attachment":[{"href":"https:\/\/digelius.com\/fi\/wp-json\/wp\/v2\/media?parent=3160666"}],"wp:term":[{"taxonomy":"product_brand","embeddable":true,"href":"https:\/\/digelius.com\/fi\/wp-json\/wp\/v2\/product_brand?post=3160666"},{"taxonomy":"product_cat","embeddable":true,"href":"https:\/\/digelius.com\/fi\/wp-json\/wp\/v2\/product_cat?post=3160666"},{"taxonomy":"product_tag","embeddable":true,"href":"https:\/\/digelius.com\/fi\/wp-json\/wp\/v2\/product_tag?post=3160666"}],"curies":[{"name":"wp","href":"https:\/\/api.w.org\/{rel}","templated":true}]}}