{"id":3162264,"date":"2026-02-15T00:30:54","date_gmt":"2026-02-14T22:30:54","guid":{"rendered":"https:\/\/digelius.com\/product\/unto-mononen-eino-gron-yotuuli-12-ennen-julkaisematonta-iskelmaa\/"},"modified":"2026-02-15T00:30:56","modified_gmt":"2026-02-14T22:30:56","slug":"unto-mononen-eino-gron-yotuuli-12-ennen-julkaisematonta-iskelmaa","status":"publish","type":"product","link":"https:\/\/digelius.com\/fi\/product\/unto-mononen-eino-gron-yotuuli-12-ennen-julkaisematonta-iskelmaa\/","title":{"rendered":"Unto Mononen \/ Eino Gr\u00f6n: Y\u00f6tuuli &#8211; 12 Ennen Julkaisematonta Iskelm\u00e4\u00e4"},"content":{"rendered":"<\/p>\n","protected":false},"excerpt":{"rendered":"<p>Media Condition: Near Mint (NM or M-)<\/p>\n<p>Sleeve Condition: Near Mint (NM or M-)<\/p>\n<p>Label: AXR,Edel Records<\/p>\n<p>Released: 2003<\/p>\n","protected":false},"featured_media":3162265,"template":"","meta":{"_acf_changed":false},"product_brand":[],"product_cat":[135,28],"product_tag":[],"class_list":{"0":"post-3162264","1":"product","2":"type-product","3":"status-publish","4":"has-post-thumbnail","6":"product_cat-latin","7":"product_cat-pop","9":"first","10":"instock","11":"taxable","12":"shipping-taxable","13":"purchasable","14":"product-type-simple"},"acf":[],"mb":[],"mfb_rest_fields":["title"],"_links":{"self":[{"href":"https:\/\/digelius.com\/fi\/wp-json\/wp\/v2\/product\/3162264","targetHints":{"allow":["GET"]}}],"collection":[{"href":"https:\/\/digelius.com\/fi\/wp-json\/wp\/v2\/product"}],"about":[{"href":"https:\/\/digelius.com\/fi\/wp-json\/wp\/v2\/types\/product"}],"wp:featuredmedia":[{"embeddable":true,"href":"https:\/\/digelius.com\/fi\/wp-json\/wp\/v2\/media\/3162265"}],"wp:attachment":[{"href":"https:\/\/digelius.com\/fi\/wp-json\/wp\/v2\/media?parent=3162264"}],"wp:term":[{"taxonomy":"product_brand","embeddable":true,"href":"https:\/\/digelius.com\/fi\/wp-json\/wp\/v2\/product_brand?post=3162264"},{"taxonomy":"product_cat","embeddable":true,"href":"https:\/\/digelius.com\/fi\/wp-json\/wp\/v2\/product_cat?post=3162264"},{"taxonomy":"product_tag","embeddable":true,"href":"https:\/\/digelius.com\/fi\/wp-json\/wp\/v2\/product_tag?post=3162264"}],"curies":[{"name":"wp","href":"https:\/\/api.w.org\/{rel}","templated":true}]}}