{"id":3163067,"date":"2026-02-15T19:31:05","date_gmt":"2026-02-15T17:31:05","guid":{"rendered":"https:\/\/digelius.com\/product\/juice-leskinen-grand-slam-yolento\/"},"modified":"2026-02-15T19:31:05","modified_gmt":"2026-02-15T17:31:05","slug":"juice-leskinen-grand-slam-yolento","status":"publish","type":"product","link":"https:\/\/digelius.com\/fi\/product\/juice-leskinen-grand-slam-yolento\/","title":{"rendered":"Juice Leskinen Grand Slam: Y\u00f6lento"},"content":{"rendered":"<\/p>\n<p>Comes with two identical one side printed inner sleeves containing credits (die-cut center hole on plain white side). Gatefold sleeve.<\/p>\n<p>Recorded at Abbey Road Studios (London), May 1986 and MSL-studio (Lemp\u00e4\u00e4l\u00e4), September 1986<\/p>\n<p>\u2117 Megamania 1986<br \/>\n\u00a9 Bluesway\/Love Kustannus, except B5: Grand Slam\/Love Kustannus<\/p>\n<p>Runouts are etched.<\/p>\n<p>About 20 copies with red and green vinyls exist (see ISBN 978-952-69178-0-1, p. 444)<\/p>\n","protected":false},"excerpt":{"rendered":"<p>Media Condition: Very Good Plus (VG+)<\/p>\n<p>Sleeve Condition: Very Good Plus (VG+)<\/p>\n<p>Label: Megamania,Grand Slam<\/p>\n<p>Released: 1986<\/p>\n","protected":false},"featured_media":3163068,"template":"","meta":{"_acf_changed":false},"product_brand":[],"product_cat":[27],"product_tag":[],"class_list":{"0":"post-3163067","1":"product","2":"type-product","3":"status-publish","4":"has-post-thumbnail","6":"product_cat-rock","8":"first","9":"instock","10":"taxable","11":"shipping-taxable","12":"purchasable","13":"product-type-simple"},"acf":[],"mb":[],"mfb_rest_fields":["title"],"_links":{"self":[{"href":"https:\/\/digelius.com\/fi\/wp-json\/wp\/v2\/product\/3163067","targetHints":{"allow":["GET"]}}],"collection":[{"href":"https:\/\/digelius.com\/fi\/wp-json\/wp\/v2\/product"}],"about":[{"href":"https:\/\/digelius.com\/fi\/wp-json\/wp\/v2\/types\/product"}],"wp:featuredmedia":[{"embeddable":true,"href":"https:\/\/digelius.com\/fi\/wp-json\/wp\/v2\/media\/3163068"}],"wp:attachment":[{"href":"https:\/\/digelius.com\/fi\/wp-json\/wp\/v2\/media?parent=3163067"}],"wp:term":[{"taxonomy":"product_brand","embeddable":true,"href":"https:\/\/digelius.com\/fi\/wp-json\/wp\/v2\/product_brand?post=3163067"},{"taxonomy":"product_cat","embeddable":true,"href":"https:\/\/digelius.com\/fi\/wp-json\/wp\/v2\/product_cat?post=3163067"},{"taxonomy":"product_tag","embeddable":true,"href":"https:\/\/digelius.com\/fi\/wp-json\/wp\/v2\/product_tag?post=3163067"}],"curies":[{"name":"wp","href":"https:\/\/api.w.org\/{rel}","templated":true}]}}