{"id":3344,"date":"2023-12-17T02:26:40","date_gmt":"2023-12-17T00:26:40","guid":{"rendered":"https:\/\/digelius.qb.web-veistamo.fi\/product\/aili-ikonen-helposti-palavaa\/"},"modified":"2026-02-05T10:31:03","modified_gmt":"2026-02-05T08:31:03","slug":"aili-ikonen-helposti-palavaa","status":"publish","type":"product","link":"https:\/\/digelius.com\/fi\/product\/aili-ikonen-helposti-palavaa\/","title":{"rendered":"Aili Ikonen: Helposti Palavaa"},"content":{"rendered":"<p>New copy. Pickup possible at Digelius Music in Helsinki (by selecting the &quot;local pickup&quot; shipping option).<\/p>\n<p>Masterointi \/ Alho Audio Mastering<\/p>\n<p>Laulu Miehen kylkiluu sis\u00e4lt\u00e4\u00e4 viittauksen Kirsi Kunnaksen englantilaisen kansanrunon suomennokseen &#8221;Mist\u00e4 on pienet tyt\u00f6t tehty&#8221;.<\/p>\n<p>\u2117 &amp; \u00a9 2023 Laulan Music<br \/>\nMade in EU.<\/p>\n<p>Digipak<\/p>\n","protected":false},"excerpt":{"rendered":"<p>Media Condition: Mint (M)<\/p>\n<p>Sleeve Condition: Mint (M)<\/p>\n<p>Label: Laulan Music,Laulan Music<\/p>\n<p>Released: 2023<\/p>\n","protected":false},"featured_media":3157550,"template":"","meta":{"_acf_changed":false},"product_brand":[],"product_cat":[16],"product_tag":[],"class_list":{"0":"post-3344","1":"product","2":"type-product","3":"status-publish","4":"has-post-thumbnail","6":"product_cat-jazz","8":"first","9":"instock","10":"taxable","11":"shipping-taxable","12":"purchasable","13":"product-type-simple"},"acf":[],"mb":[],"mfb_rest_fields":["title"],"_links":{"self":[{"href":"https:\/\/digelius.com\/fi\/wp-json\/wp\/v2\/product\/3344","targetHints":{"allow":["GET"]}}],"collection":[{"href":"https:\/\/digelius.com\/fi\/wp-json\/wp\/v2\/product"}],"about":[{"href":"https:\/\/digelius.com\/fi\/wp-json\/wp\/v2\/types\/product"}],"wp:featuredmedia":[{"embeddable":true,"href":"https:\/\/digelius.com\/fi\/wp-json\/wp\/v2\/media\/3157550"}],"wp:attachment":[{"href":"https:\/\/digelius.com\/fi\/wp-json\/wp\/v2\/media?parent=3344"}],"wp:term":[{"taxonomy":"product_brand","embeddable":true,"href":"https:\/\/digelius.com\/fi\/wp-json\/wp\/v2\/product_brand?post=3344"},{"taxonomy":"product_cat","embeddable":true,"href":"https:\/\/digelius.com\/fi\/wp-json\/wp\/v2\/product_cat?post=3344"},{"taxonomy":"product_tag","embeddable":true,"href":"https:\/\/digelius.com\/fi\/wp-json\/wp\/v2\/product_tag?post=3344"}],"curies":[{"name":"wp","href":"https:\/\/api.w.org\/{rel}","templated":true}]}}