{"id":33824,"date":"2024-01-04T14:27:52","date_gmt":"2024-01-04T12:27:52","guid":{"rendered":"https:\/\/digelius.qb.web-veistamo.fi\/product\/csaba-deseo-featuring-bosko-petrovic-andor-kovacs-2-blue-string\/"},"modified":"2026-02-13T18:02:20","modified_gmt":"2026-02-13T16:02:20","slug":"csaba-deseo-featuring-bosko-petrovic-andor-kovacs-2-blue-string","status":"publish","type":"product","link":"https:\/\/digelius.com\/fi\/product\/csaba-deseo-featuring-bosko-petrovic-andor-kovacs-2-blue-string\/","title":{"rendered":"Csaba Dese\u0151 Featuring Bosko Petrovic*, Andor Kov\u00e1cs (2): Blue String"},"content":{"rendered":"<p>Some click towards the end of side B, otherwise clean vinyl. Sleeve EX. Pickup possible at our Helsinki store (please indicate in details).<\/p>\n<p>Kr\u00e9m felv\u00e9tel &#8211; Recording 1983. dec.<\/p>\n<p>Made in Hungary \u2117 1984 KR\u00c9M \/ A lemez sztereo \u00e9s mono hangszed\u0151vel is lej\u00e1tszhat\u00f3 \/<br \/>\nThis record can be played with a stereo or mono cartridge<\/p>\n<p>Total running time of side A: 18:28<br \/>\nTotal running time of side B: 18:57<\/p>\n","protected":false},"excerpt":{"rendered":"<p>Media Condition: Very Good Plus (VG+)<\/p>\n<p>Sleeve Condition: Very Good Plus (VG+)<\/p>\n<p>Label: Kr\u00e9m<\/p>\n<p>Released: 1984<\/p>\n","protected":false},"featured_media":3146128,"template":"","meta":{"_acf_changed":false},"product_brand":[],"product_cat":[16],"product_tag":[],"class_list":{"0":"post-33824","1":"product","2":"type-product","3":"status-publish","4":"has-post-thumbnail","6":"product_cat-jazz","8":"first","9":"instock","10":"taxable","11":"shipping-taxable","12":"purchasable","13":"product-type-simple"},"acf":[],"mb":[],"mfb_rest_fields":["title"],"_links":{"self":[{"href":"https:\/\/digelius.com\/fi\/wp-json\/wp\/v2\/product\/33824","targetHints":{"allow":["GET"]}}],"collection":[{"href":"https:\/\/digelius.com\/fi\/wp-json\/wp\/v2\/product"}],"about":[{"href":"https:\/\/digelius.com\/fi\/wp-json\/wp\/v2\/types\/product"}],"wp:featuredmedia":[{"embeddable":true,"href":"https:\/\/digelius.com\/fi\/wp-json\/wp\/v2\/media\/3146128"}],"wp:attachment":[{"href":"https:\/\/digelius.com\/fi\/wp-json\/wp\/v2\/media?parent=33824"}],"wp:term":[{"taxonomy":"product_brand","embeddable":true,"href":"https:\/\/digelius.com\/fi\/wp-json\/wp\/v2\/product_brand?post=33824"},{"taxonomy":"product_cat","embeddable":true,"href":"https:\/\/digelius.com\/fi\/wp-json\/wp\/v2\/product_cat?post=33824"},{"taxonomy":"product_tag","embeddable":true,"href":"https:\/\/digelius.com\/fi\/wp-json\/wp\/v2\/product_tag?post=33824"}],"curies":[{"name":"wp","href":"https:\/\/api.w.org\/{rel}","templated":true}]}}