{"id":3763,"date":"2023-12-17T07:58:47","date_gmt":"2023-12-17T05:58:47","guid":{"rendered":"https:\/\/digelius.qb.web-veistamo.fi\/product\/lars-gullin-decennium-i-blaton-1951-1960\/"},"modified":"2026-02-05T18:01:18","modified_gmt":"2026-02-05T16:01:18","slug":"lars-gullin-decennium-i-blaton-1951-1960","status":"publish","type":"product","link":"https:\/\/digelius.com\/fi\/product\/lars-gullin-decennium-i-blaton-1951-1960\/","title":{"rendered":"Lars Gullin: Decennium I Bl\u00e5ton 1951-1960"},"content":{"rendered":"<p>Pickup possible at Digelius Music in Helsinki (by selecting the &quot;local pickup&quot; shipping option).<\/p>\n<p>Denna CD \u00e4r ett samarbete mellan Kulturf\u00f6reningen Rosa Honung, Bakh\u00e5ll och Quadromedia AB (som svarat f\u00f6r den tekniska produktionen). Digitalt masterarbete Six Strings Studio, Stockholm. <\/p>\n","protected":false},"excerpt":{"rendered":"<p>Media Condition: Near Mint (NM or M-)<\/p>\n<p>Sleeve Condition: Near Mint (NM or M-)<\/p>\n<p>Label: Rosa Honung Records<\/p>\n<p>Released: 1995<\/p>\n","protected":false},"featured_media":3157446,"template":"","meta":{"_acf_changed":false},"product_brand":[],"product_cat":[16],"product_tag":[],"class_list":{"0":"post-3763","1":"product","2":"type-product","3":"status-publish","4":"has-post-thumbnail","6":"product_cat-jazz","8":"first","9":"instock","10":"taxable","11":"shipping-taxable","12":"purchasable","13":"product-type-simple"},"acf":[],"mb":[],"mfb_rest_fields":["title"],"_links":{"self":[{"href":"https:\/\/digelius.com\/fi\/wp-json\/wp\/v2\/product\/3763","targetHints":{"allow":["GET"]}}],"collection":[{"href":"https:\/\/digelius.com\/fi\/wp-json\/wp\/v2\/product"}],"about":[{"href":"https:\/\/digelius.com\/fi\/wp-json\/wp\/v2\/types\/product"}],"wp:featuredmedia":[{"embeddable":true,"href":"https:\/\/digelius.com\/fi\/wp-json\/wp\/v2\/media\/3157446"}],"wp:attachment":[{"href":"https:\/\/digelius.com\/fi\/wp-json\/wp\/v2\/media?parent=3763"}],"wp:term":[{"taxonomy":"product_brand","embeddable":true,"href":"https:\/\/digelius.com\/fi\/wp-json\/wp\/v2\/product_brand?post=3763"},{"taxonomy":"product_cat","embeddable":true,"href":"https:\/\/digelius.com\/fi\/wp-json\/wp\/v2\/product_cat?post=3763"},{"taxonomy":"product_tag","embeddable":true,"href":"https:\/\/digelius.com\/fi\/wp-json\/wp\/v2\/product_tag?post=3763"}],"curies":[{"name":"wp","href":"https:\/\/api.w.org\/{rel}","templated":true}]}}