{"id":3779,"date":"2023-12-17T08:14:44","date_gmt":"2023-12-17T06:14:44","guid":{"rendered":"https:\/\/digelius.qb.web-veistamo.fi\/product\/inner-city-big-fun\/"},"modified":"2025-04-18T03:34:22","modified_gmt":"2025-04-18T00:34:22","slug":"inner-city-big-fun","status":"publish","type":"product","link":"https:\/\/digelius.com\/fi\/product\/inner-city-big-fun\/","title":{"rendered":"Inner City: Big Fun"},"content":{"rendered":"<p>Pickup possible at Digelius Music in Helsinki (by selecting the &quot;local pickup&quot; shipping option).<\/p>\n<p>Cat# on sleeve: 111 749-100<br \/>\nCat# on labels: 111 749<\/p>\n<p>On labels:<br \/>\n\u2117 &amp; \u00a9 1988 10 Records Ltd.<br \/>\nDrive-on music<br \/>\nRim text: Virgin Records<\/p>\n<p>On sleeve:<br \/>\n&#8217;A KMS Recording&#8217; taken from the album &#8217;[url=https:\/\/www.discogs.com\/Various-Techno-The-New-Dance-Sound-Of-Detroit\/master\/45436]Techno! The New Dance Sound Of Detroit[\/url]&#8217;<br \/>\nAll tracks licensed from ZTSE.<br \/>\n\u2117 \u00a9 1988 10 Records Limited.<br \/>\nPrinted in Western Germany by TOPAC, Gesellschaft f\u00fcr Tontr\u00e4ger-Verpackung mbH, G\u00fctersloh \u00b7 Imprim\u00e9 en R\u00e9publique F\u00e9d\u00e9rale d&#8217;Allemagne <\/p>\n<p>Additional info:<br \/>\nThe information in the runouts is stamped, except for the etched roman number at the end of the runouts.<\/p>\n","protected":false},"excerpt":{"rendered":"<p>Media Condition: Very Good Plus (VG+)<\/p>\n<p>Sleeve Condition: Very Good (VG)<\/p>\n<p>Label: 10 Records,10 Records<\/p>\n<p>Released: 1988<\/p>\n","protected":false},"featured_media":3157442,"template":"","meta":{"_acf_changed":false},"product_brand":[],"product_cat":[22,94],"product_tag":[],"class_list":{"0":"post-3779","1":"product","2":"type-product","3":"status-publish","4":"has-post-thumbnail","6":"product_cat-electronic","7":"product_cat-electronic-fi","9":"first","10":"instock","11":"taxable","12":"shipping-taxable","13":"purchasable","14":"product-type-simple"},"acf":[],"mb":[],"mfb_rest_fields":["title"],"_links":{"self":[{"href":"https:\/\/digelius.com\/fi\/wp-json\/wp\/v2\/product\/3779","targetHints":{"allow":["GET"]}}],"collection":[{"href":"https:\/\/digelius.com\/fi\/wp-json\/wp\/v2\/product"}],"about":[{"href":"https:\/\/digelius.com\/fi\/wp-json\/wp\/v2\/types\/product"}],"wp:featuredmedia":[{"embeddable":true,"href":"https:\/\/digelius.com\/fi\/wp-json\/wp\/v2\/media\/3157442"}],"wp:attachment":[{"href":"https:\/\/digelius.com\/fi\/wp-json\/wp\/v2\/media?parent=3779"}],"wp:term":[{"taxonomy":"product_brand","embeddable":true,"href":"https:\/\/digelius.com\/fi\/wp-json\/wp\/v2\/product_brand?post=3779"},{"taxonomy":"product_cat","embeddable":true,"href":"https:\/\/digelius.com\/fi\/wp-json\/wp\/v2\/product_cat?post=3779"},{"taxonomy":"product_tag","embeddable":true,"href":"https:\/\/digelius.com\/fi\/wp-json\/wp\/v2\/product_tag?post=3779"}],"curies":[{"name":"wp","href":"https:\/\/api.w.org\/{rel}","templated":true}]}}