{"id":4242,"date":"2023-12-17T15:36:48","date_gmt":"2023-12-17T13:36:48","guid":{"rendered":"https:\/\/digelius.qb.web-veistamo.fi\/product\/pekka-airaksinen-vitamins\/"},"modified":"2026-02-02T21:31:05","modified_gmt":"2026-02-02T19:31:05","slug":"pekka-airaksinen-vitamins","status":"publish","type":"product","link":"https:\/\/digelius.com\/fi\/product\/pekka-airaksinen-vitamins\/","title":{"rendered":"Pekka Airaksinen: Vitamins"},"content":{"rendered":"<p>SEALED dead stock copy. Pickup possible at Digelius Music in Helsinki (by selecting the &quot;local pickup&quot; shipping option).<\/p>\n<p>Extra note (http:\/\/daka.fi\/airaksinen\/discog.html):<br \/>\nError on the cover text, sides A and B have changed places. Here the tracks in right order. Tracks A1\u2013B1 and B5\u2013D5 released 1997 on CD-r Vitamins (Dharmakustannus ORFB 111). Track A1 republished on CD Madam I&#8217;m Adam (Love Records LXCD 642). Tracks C4 and C7 republished on vinyl LP Other Power (Harm\u00f6nia HRMN-18). Track C2 republished on CD-compilation More arctic hysteria (Love Records LXCD 647). Tracks B2, B3 and B4 not previously released. Recorded 1975. Gandhi-Freud Duo = Airaksinen.<\/p>\n<p>MES &#8211; Musiikin edist\u00e4miss\u00e4\u00e4ti\u00f6<\/p>\n","protected":false},"excerpt":{"rendered":"<p>Media Condition: Mint (M)<\/p>\n<p>Sleeve Condition: Mint (M)<\/p>\n<p>Label: One Point Life<\/p>\n<p>Released: 2017<\/p>\n","protected":false},"featured_media":3157352,"template":"","meta":{"_acf_changed":false},"product_brand":[],"product_cat":[94],"product_tag":[],"class_list":{"0":"post-4242","1":"product","2":"type-product","3":"status-publish","4":"has-post-thumbnail","6":"product_cat-electronic-fi","8":"first","9":"instock","10":"taxable","11":"shipping-taxable","12":"purchasable","13":"product-type-simple"},"acf":[],"mb":[],"mfb_rest_fields":["title"],"_links":{"self":[{"href":"https:\/\/digelius.com\/fi\/wp-json\/wp\/v2\/product\/4242","targetHints":{"allow":["GET"]}}],"collection":[{"href":"https:\/\/digelius.com\/fi\/wp-json\/wp\/v2\/product"}],"about":[{"href":"https:\/\/digelius.com\/fi\/wp-json\/wp\/v2\/types\/product"}],"wp:featuredmedia":[{"embeddable":true,"href":"https:\/\/digelius.com\/fi\/wp-json\/wp\/v2\/media\/3157352"}],"wp:attachment":[{"href":"https:\/\/digelius.com\/fi\/wp-json\/wp\/v2\/media?parent=4242"}],"wp:term":[{"taxonomy":"product_brand","embeddable":true,"href":"https:\/\/digelius.com\/fi\/wp-json\/wp\/v2\/product_brand?post=4242"},{"taxonomy":"product_cat","embeddable":true,"href":"https:\/\/digelius.com\/fi\/wp-json\/wp\/v2\/product_cat?post=4242"},{"taxonomy":"product_tag","embeddable":true,"href":"https:\/\/digelius.com\/fi\/wp-json\/wp\/v2\/product_tag?post=4242"}],"curies":[{"name":"wp","href":"https:\/\/api.w.org\/{rel}","templated":true}]}}