{"id":436667,"date":"2024-05-16T16:45:05","date_gmt":"2024-05-16T13:45:05","guid":{"rendered":"https:\/\/digelius.com\/product\/jonathan-backstrom-quartet-jonathan-backstrom-quartet\/"},"modified":"2026-02-01T21:02:15","modified_gmt":"2026-02-01T19:02:15","slug":"jonathan-backstrom-quartet-jonathan-backstrom-quartet","status":"publish","type":"product","link":"https:\/\/digelius.com\/fi\/product\/jonathan-backstrom-quartet-jonathan-backstrom-quartet\/","title":{"rendered":"Jonathan B\u00e4ckstr\u00f6m Quartet: Jonathan B\u00e4ckstr\u00f6m Quartet"},"content":{"rendered":"<p>New copy straight from the label.<\/p>\n<p>Runouts are etched.<\/p>\n","protected":false},"excerpt":{"rendered":"<p>Media Condition: Mint (M)<\/p>\n<p>Sleeve Condition: Mint (M)<\/p>\n<p>Label: We Jazz<\/p>\n<p>Released: 2024<\/p>\n","protected":false},"featured_media":3152421,"template":"","meta":{"_acf_changed":false},"product_brand":[],"product_cat":[16],"product_tag":[],"class_list":{"0":"post-436667","1":"product","2":"type-product","3":"status-publish","4":"has-post-thumbnail","6":"product_cat-jazz","8":"first","9":"instock","10":"taxable","11":"shipping-taxable","12":"purchasable","13":"product-type-simple"},"acf":[],"mb":[],"mfb_rest_fields":["title"],"_links":{"self":[{"href":"https:\/\/digelius.com\/fi\/wp-json\/wp\/v2\/product\/436667","targetHints":{"allow":["GET"]}}],"collection":[{"href":"https:\/\/digelius.com\/fi\/wp-json\/wp\/v2\/product"}],"about":[{"href":"https:\/\/digelius.com\/fi\/wp-json\/wp\/v2\/types\/product"}],"wp:featuredmedia":[{"embeddable":true,"href":"https:\/\/digelius.com\/fi\/wp-json\/wp\/v2\/media\/3152421"}],"wp:attachment":[{"href":"https:\/\/digelius.com\/fi\/wp-json\/wp\/v2\/media?parent=436667"}],"wp:term":[{"taxonomy":"product_brand","embeddable":true,"href":"https:\/\/digelius.com\/fi\/wp-json\/wp\/v2\/product_brand?post=436667"},{"taxonomy":"product_cat","embeddable":true,"href":"https:\/\/digelius.com\/fi\/wp-json\/wp\/v2\/product_cat?post=436667"},{"taxonomy":"product_tag","embeddable":true,"href":"https:\/\/digelius.com\/fi\/wp-json\/wp\/v2\/product_tag?post=436667"}],"curies":[{"name":"wp","href":"https:\/\/api.w.org\/{rel}","templated":true}]}}