{"id":4378,"date":"2023-12-17T17:28:54","date_gmt":"2023-12-17T15:28:54","guid":{"rendered":"https:\/\/digelius.qb.web-veistamo.fi\/product\/forkladd-gud-jazz-i-sverige-77\/"},"modified":"2025-12-07T07:40:30","modified_gmt":"2025-12-07T05:40:30","slug":"forkladd-gud-jazz-i-sverige-77","status":"publish","type":"product","link":"https:\/\/digelius.com\/fi\/product\/forkladd-gud-jazz-i-sverige-77\/","title":{"rendered":"F\u00f6rkl\u00e4dd Gud: F\u00f6rkl\u00e4dd Gud"},"content":{"rendered":"<p>Pickup possible at Digelius Music in Helsinki (by selecting the &quot;local pickup&quot; shipping option).<\/p>\n<p>On front cover group name is given in three languages: F\u00f6rkl\u00e4dd Gud, God In Disguise, Verkleideter Gott<\/p>\n<p>This is a 1977 instalment of the Jazz i Sverige series.<\/p>\n<p>Recorded at G\u00e5ngs\u00e4traskolans aula, Liding\u00f6, 2-3 April 1977.<br \/>\nRikskonserter \u24c51977<br \/>\nMade in Sweden<\/p>\n<p>Gatefold sleeve.<\/p>\n","protected":false},"excerpt":{"rendered":"<p>Media Condition: Very Good Plus (VG+)<\/p>\n<p>Sleeve Condition: Very Good Plus (VG+)<\/p>\n<p>Label: Caprice Records<\/p>\n<p>Released: 1977<\/p>\n","protected":false},"featured_media":3157320,"template":"","meta":{"_acf_changed":false},"product_brand":[],"product_cat":[16],"product_tag":[],"class_list":{"0":"post-4378","1":"product","2":"type-product","3":"status-publish","4":"has-post-thumbnail","6":"product_cat-jazz","8":"first","9":"instock","10":"taxable","11":"shipping-taxable","12":"purchasable","13":"product-type-simple"},"acf":[],"mb":[],"mfb_rest_fields":["title"],"_links":{"self":[{"href":"https:\/\/digelius.com\/fi\/wp-json\/wp\/v2\/product\/4378","targetHints":{"allow":["GET"]}}],"collection":[{"href":"https:\/\/digelius.com\/fi\/wp-json\/wp\/v2\/product"}],"about":[{"href":"https:\/\/digelius.com\/fi\/wp-json\/wp\/v2\/types\/product"}],"wp:featuredmedia":[{"embeddable":true,"href":"https:\/\/digelius.com\/fi\/wp-json\/wp\/v2\/media\/3157320"}],"wp:attachment":[{"href":"https:\/\/digelius.com\/fi\/wp-json\/wp\/v2\/media?parent=4378"}],"wp:term":[{"taxonomy":"product_brand","embeddable":true,"href":"https:\/\/digelius.com\/fi\/wp-json\/wp\/v2\/product_brand?post=4378"},{"taxonomy":"product_cat","embeddable":true,"href":"https:\/\/digelius.com\/fi\/wp-json\/wp\/v2\/product_cat?post=4378"},{"taxonomy":"product_tag","embeddable":true,"href":"https:\/\/digelius.com\/fi\/wp-json\/wp\/v2\/product_tag?post=4378"}],"curies":[{"name":"wp","href":"https:\/\/api.w.org\/{rel}","templated":true}]}}