{"id":4406,"date":"2023-12-17T17:51:52","date_gmt":"2023-12-17T15:51:52","guid":{"rendered":"https:\/\/digelius.qb.web-veistamo.fi\/product\/various-musik-fran-vastindien-sma-antillerna\/"},"modified":"2026-02-06T05:31:33","modified_gmt":"2026-02-06T03:31:33","slug":"various-musik-fran-vastindien-sma-antillerna","status":"publish","type":"product","link":"https:\/\/digelius.com\/fi\/product\/various-musik-fran-vastindien-sma-antillerna\/","title":{"rendered":"Various: Musik Fr\u00e5n V\u00e4stindien: Sm\u00e5 Antillerna"},"content":{"rendered":"<p>Pickup possible at Digelius Music in Helsinki (by selecting the &quot;local pickup&quot; shipping option).<\/p>\n<p>Gatefold version with booklet partly printed on, partly stapled to sleeve. Black letters on front sleeve. No english translation of booklet notes.<\/p>\n<p>Otherwise identical to https:\/\/www.discogs.com\/Various-Musik-Fr\u00e5n-V\u00e4stindien-Sm\u00e5-Antillerna\/release\/1588012<\/p>\n<p>A1: Recorded at a dance in Portsmouth, Dominicia, 1969-04-15. The song is in a merengue style and is listed as just merengue.<br \/>\nA2: Recorded at a dance in Soufri\u00e8re, Saint Lucia, 1969-05-09. The artist &#8221;Byorkester&#8221; is Swedish for &#8221;Local village orchestra&#8221;. The song is a masouc, which is a sort of old dance style from Lesser Antilles.<br \/>\nA3: Recorded at Young Island, 1969-05-16. The artist &#8221;Bamboo Band&#8221; is a generic name for an orchestra consisting of a bamboo flute and a boom boom (a 1,5 meter long bamboo stick without finger holes that are use like a basoon). The songs is a calypso.<br \/>\nA4: Recorded in Mount Rich, Grenada, 1969-06-05. The artist &#8221;Cocoa-Lute Duo&#8221; refer to the two cocoa-lutes (instruments made from the cocoa tree and looks like a longbow). This particular song is played by two local unknown youths. The songs is a calypso.<br \/>\nA5: Recorded in Castries, Saint Lucia, 1969-04-28.<br \/>\nA6: Recorded at the christmas celebration in Lopinot, Trinidad, 1970.<br \/>\nA7: Sung by unknown playing children (Swedish: Lekande Barn) and recorded on a street in Kingstown, Saint Vincent, 1969-05-22. <\/p>\n<p>B1: Recorded during a ceremony at Mrs. Weekers shango shrine in Gasparillo, Trinidad, 1969-07-02. The artist is listed as &#8221;Deltagare I Shango-Ceremoni&#8221; which means &#8221;Participants in the Shango-Ceremony&#8221; and consists of Yoruba people.<br \/>\nB2: Recorded during a church service in Santa Theresa, Trinidad in the Easter of 1970.<br \/>\nB3: Recorded during a Hindu ceremony in Le Moule, Guadeloupe, 1969-04-08.<br \/>\nB4: Recorded during the celebration of Hosse in Cedros, Trinidad, 1971-03-07.<br \/>\nB5: Recorded at a Jumbie Dance in Big Bay, Trinidad, 1971-07-17. The song is a &#8221;reel&#8221; which is an africanized dance style.<\/p>\n<p>C1: Recorded at a party in Portsmouth, Dominica, 1969-04-14. The band consists of young lads playing steel pans which they made by them self.<br \/>\nC2: Recorded at a dance in Plymouth, Montserrat, 1969-03-23. The artist &#8221;Dansorkester&#8221; is Swedish for &#8221;Dance Orchestra&#8221;.<br \/>\nC3: Recorded by International Recording Company, Port Of Spain, Trinidad, January 1970.<br \/>\nC4: Recorded during the carnival in Gustavia, Saint Barth\u00e9lemy, 1969-02-18. The artist &#8221;Karnevalsband&#8221; is Swedish for &#8221;A Carnival Band&#8221;.<br \/>\nC5: Recorded during a dance in Emerald Isle Hotel, Montserrat, 1969-03-22.<br \/>\nC6: Recorded by International Recording Company, Port Of Spain, Trinidad, 1970.<\/p>\n<p>D1: Recorded at a sticks fight in Sangre Grande, Trinidad, February 1980. Kalinda is the music style associated with fighting with 1,5 meter long sticks.<br \/>\nD2: Recorded at a party during Foxy&#8217;s tamarind three at Jost Van Duke, British Virgin Islands, 1969-02-08. The songs is a calypso.<br \/>\nD3: Recorded by International Recording Company, Port Of Spain, Trinidad, 1970. The songs is a calypso.<br \/>\nD4: Sung by a youth gang with boys in the ages 9 to 14 years old playing home made string instruments. Recorded at the street outside Admiral&#8217;s Inn, English Harbour, Antigua, 1969-02-27. The artist &#8221;Stringband Av Pojkar 9-14 \u00c5r Gamla&#8221; is Swedish for &#8221;String band consisting of boys in the age 9 to 14 years old&#8221;. The songs is a calypso.<br \/>\nD5: Recorded by International Recording Company, Port Of Spain, Trinidad, 1970. The songs is a calypso.<\/p>\n<p>Includes a 7-page program notes in Swedish with photos and a booklet with everything translated in English but without photos.<\/p>\n","protected":false},"excerpt":{"rendered":"<p>Media Condition: Very Good Plus (VG+)<\/p>\n<p>Sleeve Condition: Very Good Plus (VG+)<\/p>\n<p>Label: Caprice Records<\/p>\n<p>Released: 1977<\/p>\n","protected":false},"featured_media":3157312,"template":"","meta":{"_acf_changed":false},"product_brand":[],"product_cat":[225,31,92,135],"product_tag":[],"class_list":{"0":"post-4406","1":"product","2":"type-product","3":"status-publish","4":"has-post-thumbnail","6":"product_cat-reggae","7":"product_cat-folk-world-country","8":"product_cat-folk-world-country-fi","9":"product_cat-latin","11":"first","12":"instock","13":"taxable","14":"shipping-taxable","15":"purchasable","16":"product-type-simple"},"acf":[],"mb":[],"mfb_rest_fields":["title"],"_links":{"self":[{"href":"https:\/\/digelius.com\/fi\/wp-json\/wp\/v2\/product\/4406","targetHints":{"allow":["GET"]}}],"collection":[{"href":"https:\/\/digelius.com\/fi\/wp-json\/wp\/v2\/product"}],"about":[{"href":"https:\/\/digelius.com\/fi\/wp-json\/wp\/v2\/types\/product"}],"wp:featuredmedia":[{"embeddable":true,"href":"https:\/\/digelius.com\/fi\/wp-json\/wp\/v2\/media\/3157312"}],"wp:attachment":[{"href":"https:\/\/digelius.com\/fi\/wp-json\/wp\/v2\/media?parent=4406"}],"wp:term":[{"taxonomy":"product_brand","embeddable":true,"href":"https:\/\/digelius.com\/fi\/wp-json\/wp\/v2\/product_brand?post=4406"},{"taxonomy":"product_cat","embeddable":true,"href":"https:\/\/digelius.com\/fi\/wp-json\/wp\/v2\/product_cat?post=4406"},{"taxonomy":"product_tag","embeddable":true,"href":"https:\/\/digelius.com\/fi\/wp-json\/wp\/v2\/product_tag?post=4406"}],"curies":[{"name":"wp","href":"https:\/\/api.w.org\/{rel}","templated":true}]}}