{"id":45239,"date":"2024-01-11T10:43:26","date_gmt":"2024-01-11T08:43:26","guid":{"rendered":"https:\/\/digelius.qb.web-veistamo.fi\/product\/jarvelan-pikkupelimannit-jpp-new-finnish-folk-fiddling\/"},"modified":"2026-02-03T23:30:59","modified_gmt":"2026-02-03T21:30:59","slug":"jarvelan-pikkupelimannit-jpp-new-finnish-folk-fiddling","status":"publish","type":"product","link":"https:\/\/digelius.com\/fi\/product\/jarvelan-pikkupelimannit-jpp-new-finnish-folk-fiddling\/","title":{"rendered":"J\u00e4rvel\u00e4n Pikkupelimannit*: JPP (New Finnish Folk Fiddling)"},"content":{"rendered":"<p>EX\/EX. In shrink. Pickup possible at Digelius Music in Helsinki (by selecting the &quot;local pickup&quot; shipping option).<\/p>\n<p>\u00c4\u00e4nitetty: talvella 1987-88 Kaustisen Salonkyl\u00e4n nuorisoseuran talolla<br \/>\nMetallikaiverrus (DMM) digitaalimasterista: Gramoplast, Ruotsi<\/p>\n<p>Made in Finland<\/p>\n","protected":false},"excerpt":{"rendered":"<p>Media Condition: Very Good Plus (VG+)<\/p>\n<p>Sleeve Condition: Very Good Plus (VG+)<\/p>\n<p>Label: Olarin Musiikki<\/p>\n<p>Released: 1988<\/p>\n","protected":false},"featured_media":3146835,"template":"","meta":{"_acf_changed":false},"product_brand":[],"product_cat":[31],"product_tag":[],"class_list":{"0":"post-45239","1":"product","2":"type-product","3":"status-publish","4":"has-post-thumbnail","6":"product_cat-folk-world-country","8":"first","9":"instock","10":"taxable","11":"shipping-taxable","12":"purchasable","13":"product-type-simple"},"acf":[],"mb":[],"mfb_rest_fields":["title"],"_links":{"self":[{"href":"https:\/\/digelius.com\/fi\/wp-json\/wp\/v2\/product\/45239","targetHints":{"allow":["GET"]}}],"collection":[{"href":"https:\/\/digelius.com\/fi\/wp-json\/wp\/v2\/product"}],"about":[{"href":"https:\/\/digelius.com\/fi\/wp-json\/wp\/v2\/types\/product"}],"wp:featuredmedia":[{"embeddable":true,"href":"https:\/\/digelius.com\/fi\/wp-json\/wp\/v2\/media\/3146835"}],"wp:attachment":[{"href":"https:\/\/digelius.com\/fi\/wp-json\/wp\/v2\/media?parent=45239"}],"wp:term":[{"taxonomy":"product_brand","embeddable":true,"href":"https:\/\/digelius.com\/fi\/wp-json\/wp\/v2\/product_brand?post=45239"},{"taxonomy":"product_cat","embeddable":true,"href":"https:\/\/digelius.com\/fi\/wp-json\/wp\/v2\/product_cat?post=45239"},{"taxonomy":"product_tag","embeddable":true,"href":"https:\/\/digelius.com\/fi\/wp-json\/wp\/v2\/product_tag?post=45239"}],"curies":[{"name":"wp","href":"https:\/\/api.w.org\/{rel}","templated":true}]}}