{"id":452972,"date":"2024-05-22T10:04:40","date_gmt":"2024-05-22T07:04:40","guid":{"rendered":"https:\/\/digelius.com\/product\/jussi-kettu-maaranpaa\/"},"modified":"2026-02-01T20:31:39","modified_gmt":"2026-02-01T18:31:39","slug":"jussi-kettu-maaranpaa","status":"publish","type":"product","link":"https:\/\/digelius.com\/fi\/product\/jussi-kettu-maaranpaa\/","title":{"rendered":"Jussi Kettu: M\u00e4\u00e4r\u00e4np\u00e4\u00e4"},"content":{"rendered":"<\/p>\n","protected":false},"excerpt":{"rendered":"<p>Media Condition: Mint (M)<\/p>\n<p>Sleeve Condition: Mint (M)<\/p>\n<p>Label: PRO-records,Proxmira Oy<\/p>\n<p>Released: 2006<\/p>\n","protected":false},"featured_media":3152419,"template":"","meta":{"_acf_changed":false},"product_brand":[],"product_cat":[17],"product_tag":[],"class_list":{"0":"post-452972","1":"product","2":"type-product","3":"status-publish","4":"has-post-thumbnail","6":"product_cat-blues","8":"first","9":"instock","10":"taxable","11":"shipping-taxable","12":"purchasable","13":"product-type-simple"},"acf":[],"mb":[],"mfb_rest_fields":["title"],"_links":{"self":[{"href":"https:\/\/digelius.com\/fi\/wp-json\/wp\/v2\/product\/452972","targetHints":{"allow":["GET"]}}],"collection":[{"href":"https:\/\/digelius.com\/fi\/wp-json\/wp\/v2\/product"}],"about":[{"href":"https:\/\/digelius.com\/fi\/wp-json\/wp\/v2\/types\/product"}],"wp:featuredmedia":[{"embeddable":true,"href":"https:\/\/digelius.com\/fi\/wp-json\/wp\/v2\/media\/3152419"}],"wp:attachment":[{"href":"https:\/\/digelius.com\/fi\/wp-json\/wp\/v2\/media?parent=452972"}],"wp:term":[{"taxonomy":"product_brand","embeddable":true,"href":"https:\/\/digelius.com\/fi\/wp-json\/wp\/v2\/product_brand?post=452972"},{"taxonomy":"product_cat","embeddable":true,"href":"https:\/\/digelius.com\/fi\/wp-json\/wp\/v2\/product_cat?post=452972"},{"taxonomy":"product_tag","embeddable":true,"href":"https:\/\/digelius.com\/fi\/wp-json\/wp\/v2\/product_tag?post=452972"}],"curies":[{"name":"wp","href":"https:\/\/api.w.org\/{rel}","templated":true}]}}