{"id":45878,"date":"2024-01-11T15:03:22","date_gmt":"2024-01-11T13:03:22","guid":{"rendered":"https:\/\/digelius.qb.web-veistamo.fi\/product\/esa-pethman-ja-hanen-orkesterinsa-valoa-mayrankolosta\/"},"modified":"2026-02-04T05:01:21","modified_gmt":"2026-02-04T03:01:21","slug":"esa-pethman-ja-hanen-orkesterinsa-valoa-mayrankolosta","status":"publish","type":"product","link":"https:\/\/digelius.com\/fi\/product\/esa-pethman-ja-hanen-orkesterinsa-valoa-mayrankolosta\/","title":{"rendered":"Esa Pethman Ja H\u00e4nen Orkesterinsa*: Valoa M\u00e4yr\u00e4nkolosta"},"content":{"rendered":"<p>EX\/EX. Pickup possible at Digelius Music in Helsinki (by selecting the &quot;local pickup&quot; shipping option).<\/p><\/p>\n","protected":false},"excerpt":{"rendered":"<p>Media Condition: Very Good Plus (VG+)<\/p>\n<p>Sleeve Condition: Very Good Plus (VG+)<\/p>\n<p>Label: El\u00e4ke-Varma<\/p>\n<p>Released: 1986<\/p>\n","protected":false},"featured_media":3153460,"template":"","meta":{"_acf_changed":false},"product_brand":[],"product_cat":[16],"product_tag":[],"class_list":{"0":"post-45878","1":"product","2":"type-product","3":"status-publish","4":"has-post-thumbnail","6":"product_cat-jazz","8":"first","9":"instock","10":"taxable","11":"shipping-taxable","12":"purchasable","13":"product-type-simple"},"acf":[],"mb":[],"mfb_rest_fields":["title"],"_links":{"self":[{"href":"https:\/\/digelius.com\/fi\/wp-json\/wp\/v2\/product\/45878","targetHints":{"allow":["GET"]}}],"collection":[{"href":"https:\/\/digelius.com\/fi\/wp-json\/wp\/v2\/product"}],"about":[{"href":"https:\/\/digelius.com\/fi\/wp-json\/wp\/v2\/types\/product"}],"wp:featuredmedia":[{"embeddable":true,"href":"https:\/\/digelius.com\/fi\/wp-json\/wp\/v2\/media\/3153460"}],"wp:attachment":[{"href":"https:\/\/digelius.com\/fi\/wp-json\/wp\/v2\/media?parent=45878"}],"wp:term":[{"taxonomy":"product_brand","embeddable":true,"href":"https:\/\/digelius.com\/fi\/wp-json\/wp\/v2\/product_brand?post=45878"},{"taxonomy":"product_cat","embeddable":true,"href":"https:\/\/digelius.com\/fi\/wp-json\/wp\/v2\/product_cat?post=45878"},{"taxonomy":"product_tag","embeddable":true,"href":"https:\/\/digelius.com\/fi\/wp-json\/wp\/v2\/product_tag?post=45878"}],"curies":[{"name":"wp","href":"https:\/\/api.w.org\/{rel}","templated":true}]}}