{"id":459150,"date":"2024-05-24T12:59:11","date_gmt":"2024-05-24T09:59:11","guid":{"rendered":"https:\/\/digelius.com\/product\/ravel-debussy-berliner-philharmoniker-%c2%b7-herbert-von-karajan-ravel-bolero-%c2%b7-debussy-la-mer-%c2%b7-prelude-a-lapres-midi-dun-faune\/"},"modified":"2026-02-01T18:31:34","modified_gmt":"2026-02-01T16:31:34","slug":"ravel-debussy-berliner-philharmoniker-%c2%b7-herbert-von-karajan-ravel-bolero-%c2%b7-debussy-la-mer-%c2%b7-prelude-a-lapres-midi-dun-faune","status":"publish","type":"product","link":"https:\/\/digelius.com\/fi\/product\/ravel-debussy-berliner-philharmoniker-%c2%b7-herbert-von-karajan-ravel-bolero-%c2%b7-debussy-la-mer-%c2%b7-prelude-a-lapres-midi-dun-faune\/","title":{"rendered":"Ravel*, Debussy*, Berliner Philharmoniker \u00b7 Herbert von Karajan: Ravel: Bolero \u00b7 Debussy: La Mer \u00b7 Pr\u00e8lude \u00c0 L&#8217;Apr\u00e8s-midi D&#8217;Un Faune"},"content":{"rendered":"<\/p>\n<p>Cover Illustration: Photo Schapowalow\/Francke<br \/>\n\u21171965\/1966 (1)<br \/>\n\u00a91979<\/p>\n","protected":false},"excerpt":{"rendered":"<p>Media Condition: Very Good Plus (VG+)<\/p>\n<p>Sleeve Condition: Very Good Plus (VG+)<\/p>\n<p>Label: Deutsche Grammophon<\/p>\n<p>Released: 1979<\/p>\n","protected":false},"featured_media":3152377,"template":"","meta":{"_acf_changed":false},"product_brand":[],"product_cat":[23],"product_tag":[],"class_list":{"0":"post-459150","1":"product","2":"type-product","3":"status-publish","4":"has-post-thumbnail","6":"product_cat-classical","8":"first","9":"instock","10":"taxable","11":"shipping-taxable","12":"purchasable","13":"product-type-simple"},"acf":[],"mb":[],"mfb_rest_fields":["title"],"_links":{"self":[{"href":"https:\/\/digelius.com\/fi\/wp-json\/wp\/v2\/product\/459150","targetHints":{"allow":["GET"]}}],"collection":[{"href":"https:\/\/digelius.com\/fi\/wp-json\/wp\/v2\/product"}],"about":[{"href":"https:\/\/digelius.com\/fi\/wp-json\/wp\/v2\/types\/product"}],"wp:featuredmedia":[{"embeddable":true,"href":"https:\/\/digelius.com\/fi\/wp-json\/wp\/v2\/media\/3152377"}],"wp:attachment":[{"href":"https:\/\/digelius.com\/fi\/wp-json\/wp\/v2\/media?parent=459150"}],"wp:term":[{"taxonomy":"product_brand","embeddable":true,"href":"https:\/\/digelius.com\/fi\/wp-json\/wp\/v2\/product_brand?post=459150"},{"taxonomy":"product_cat","embeddable":true,"href":"https:\/\/digelius.com\/fi\/wp-json\/wp\/v2\/product_cat?post=459150"},{"taxonomy":"product_tag","embeddable":true,"href":"https:\/\/digelius.com\/fi\/wp-json\/wp\/v2\/product_tag?post=459150"}],"curies":[{"name":"wp","href":"https:\/\/api.w.org\/{rel}","templated":true}]}}