{"id":459153,"date":"2024-05-24T12:59:14","date_gmt":"2024-05-24T09:59:14","guid":{"rendered":"https:\/\/digelius.com\/product\/bach-haendel-telemann-downland-van-eyck-rene-clemencic-andras-kecskes-flute-a-bec-luth-et-guitare\/"},"modified":"2026-02-01T18:31:35","modified_gmt":"2026-02-01T16:31:35","slug":"bach-haendel-telemann-downland-van-eyck-rene-clemencic-andras-kecskes-flute-a-bec-luth-et-guitare","status":"publish","type":"product","link":"https:\/\/digelius.com\/fi\/product\/bach-haendel-telemann-downland-van-eyck-rene-clemencic-andras-kecskes-flute-a-bec-luth-et-guitare\/","title":{"rendered":"Bach* \/ Haendel* \/ Telemann* \/ Downland* \/ Van Eyck* \u2013  Ren\u00e9 Clemencic, Andras Kecsk\u00e9s*: Fl\u00fbte \u00c0 Bec, Luth Et Guitare"},"content":{"rendered":"<\/p>\n<p>HMU 427 on sleeve<br \/>\nHM 427 on label<\/p>\n<p>Fold-out sleeve.<\/p>\n","protected":false},"excerpt":{"rendered":"<p>Media Condition: Very Good Plus (VG+)<\/p>\n<p>Sleeve Condition: Very Good Plus (VG+)<\/p>\n<p>Label: Harmonia Mundi,Harmonia Mundi<\/p>\n<p>Released: 1971<\/p>\n","protected":false},"featured_media":3152375,"template":"","meta":{"_acf_changed":false},"product_brand":[],"product_cat":[23],"product_tag":[],"class_list":{"0":"post-459153","1":"product","2":"type-product","3":"status-publish","4":"has-post-thumbnail","6":"product_cat-classical","8":"first","9":"instock","10":"taxable","11":"shipping-taxable","12":"purchasable","13":"product-type-simple"},"acf":[],"mb":[],"mfb_rest_fields":["title"],"_links":{"self":[{"href":"https:\/\/digelius.com\/fi\/wp-json\/wp\/v2\/product\/459153","targetHints":{"allow":["GET"]}}],"collection":[{"href":"https:\/\/digelius.com\/fi\/wp-json\/wp\/v2\/product"}],"about":[{"href":"https:\/\/digelius.com\/fi\/wp-json\/wp\/v2\/types\/product"}],"wp:featuredmedia":[{"embeddable":true,"href":"https:\/\/digelius.com\/fi\/wp-json\/wp\/v2\/media\/3152375"}],"wp:attachment":[{"href":"https:\/\/digelius.com\/fi\/wp-json\/wp\/v2\/media?parent=459153"}],"wp:term":[{"taxonomy":"product_brand","embeddable":true,"href":"https:\/\/digelius.com\/fi\/wp-json\/wp\/v2\/product_brand?post=459153"},{"taxonomy":"product_cat","embeddable":true,"href":"https:\/\/digelius.com\/fi\/wp-json\/wp\/v2\/product_cat?post=459153"},{"taxonomy":"product_tag","embeddable":true,"href":"https:\/\/digelius.com\/fi\/wp-json\/wp\/v2\/product_tag?post=459153"}],"curies":[{"name":"wp","href":"https:\/\/api.w.org\/{rel}","templated":true}]}}