{"id":508758,"date":"2024-06-10T19:29:44","date_gmt":"2024-06-10T16:29:44","guid":{"rendered":"https:\/\/digelius.com\/product\/bartok-bela-ditta-bartok-pasztory-maria-comensoli-erzsebet-tusa-ferenc-petz-jozsef-marton-budapest-symphony-orchestra-conducted-by-janos-sandor-suite-for-two-pianos-op-4-b-concerto\/"},"modified":"2026-02-01T14:31:01","modified_gmt":"2026-02-01T12:31:01","slug":"bartok-bela-ditta-bartok-pasztory-maria-comensoli-erzsebet-tusa-ferenc-petz-jozsef-marton-budapest-symphony-orchestra-conducted-by-janos-sandor-suite-for-two-pianos-op-4-b-concerto","status":"publish","type":"product","link":"https:\/\/digelius.com\/fi\/product\/bartok-bela-ditta-bartok-pasztory-maria-comensoli-erzsebet-tusa-ferenc-petz-jozsef-marton-budapest-symphony-orchestra-conducted-by-janos-sandor-suite-for-two-pianos-op-4-b-concerto\/","title":{"rendered":"Bart\u00f3k B\u00e9la* &#8211; Ditta Bart\u00f3k-P\u00e1sztory*, M\u00e1ria Comensoli*, Erzs\u00e9bet Tusa*, Ferenc Petz*, J\u00f3zsef Marton*, Budapest Symphony Orchestra Conducted By J\u00e1nos S\u00e1ndor*: Suite For Two Pianos, Op. 4 B \/ Concerto For Two Pianos, Percussion And Orchestra"},"content":{"rendered":"<\/p>\n<p>Gatefold sleeve with attached 20 pages booklet including Hungarian, English, German and Russian liner notes.<br \/>\nCatalog number &#8221;SLPX 11398&#8221; on labels, &#8221;LPX 11398&#8221; on sleeve <\/p>\n<p>The recording was made on the basis of the following editions:<br \/>\nSuite For Two Pianos, Op. 4 B: Boosey &amp; Hawkes, B. &amp; H. 18 574.<br \/>\nConcerto K\u00e9t Zongor\u00e1ra, \u00dct\u0151kre \u00c9s Zenekarra \/ Concerto For Two Pianos&#8230;: Boosey &amp; Hawkes, Handwritten material for hire<\/p>\n<p>Grand Prix &#8211; Academie du Disque Fran\u00e7ais<br \/>\nCover: Bart\u00f3k in 1940 (photo Mariann Resimann)<br \/>\n\u00a9 Magyar Hanglemezgy\u00e1rt\u00f3 V\u00e1llalat, 1969<br \/>\nMade in Hungary <\/p>\n<p>Total time duration for side A: 26:38<\/p>\n<p>The Suite was recorded in the Hungaroton Studio. Concerto For Two Pianos was recorded at the Torock\u00f3 T\u00e9r Reformed Church, Budapest. <\/p>\n","protected":false},"excerpt":{"rendered":"<p>Media Condition: Near Mint (NM or M-)<\/p>\n<p>Sleeve Condition: Very Good Plus (VG+)<\/p>\n<p>Label: Hungaroton,Hungaroton<\/p>\n<p>Released: 1969<\/p>\n","protected":false},"featured_media":3152261,"template":"","meta":{"_acf_changed":false},"product_brand":[],"product_cat":[23],"product_tag":[],"class_list":{"0":"post-508758","1":"product","2":"type-product","3":"status-publish","4":"has-post-thumbnail","6":"product_cat-classical","8":"first","9":"instock","10":"taxable","11":"shipping-taxable","12":"purchasable","13":"product-type-simple"},"acf":[],"mb":[],"mfb_rest_fields":["title"],"_links":{"self":[{"href":"https:\/\/digelius.com\/fi\/wp-json\/wp\/v2\/product\/508758","targetHints":{"allow":["GET"]}}],"collection":[{"href":"https:\/\/digelius.com\/fi\/wp-json\/wp\/v2\/product"}],"about":[{"href":"https:\/\/digelius.com\/fi\/wp-json\/wp\/v2\/types\/product"}],"wp:featuredmedia":[{"embeddable":true,"href":"https:\/\/digelius.com\/fi\/wp-json\/wp\/v2\/media\/3152261"}],"wp:attachment":[{"href":"https:\/\/digelius.com\/fi\/wp-json\/wp\/v2\/media?parent=508758"}],"wp:term":[{"taxonomy":"product_brand","embeddable":true,"href":"https:\/\/digelius.com\/fi\/wp-json\/wp\/v2\/product_brand?post=508758"},{"taxonomy":"product_cat","embeddable":true,"href":"https:\/\/digelius.com\/fi\/wp-json\/wp\/v2\/product_cat?post=508758"},{"taxonomy":"product_tag","embeddable":true,"href":"https:\/\/digelius.com\/fi\/wp-json\/wp\/v2\/product_tag?post=508758"}],"curies":[{"name":"wp","href":"https:\/\/api.w.org\/{rel}","templated":true}]}}