{"id":508800,"date":"2024-06-10T19:30:22","date_gmt":"2024-06-10T16:30:22","guid":{"rendered":"https:\/\/digelius.com\/product\/antonio-vivaldi-laszlo-czidra-liszt-ferenc-chamber-orchestra-frigyes-sandor-five-concerti-for-recorder-strings-and-harpsichord\/"},"modified":"2026-02-01T15:30:56","modified_gmt":"2026-02-01T13:30:56","slug":"antonio-vivaldi-laszlo-czidra-liszt-ferenc-chamber-orchestra-frigyes-sandor-five-concerti-for-recorder-strings-and-harpsichord","status":"publish","type":"product","link":"https:\/\/digelius.com\/fi\/product\/antonio-vivaldi-laszlo-czidra-liszt-ferenc-chamber-orchestra-frigyes-sandor-five-concerti-for-recorder-strings-and-harpsichord\/","title":{"rendered":"Antonio Vivaldi, L\u00e1szl\u00f3 Czidra, Liszt Ferenc Chamber Orchestra, Frigyes S\u00e1ndor: Five Concerti For Recorder, Strings And Harpsichord"},"content":{"rendered":"<\/p>\n<p>Time: Side A: 28:10, Side B: 23:40<br \/>\nMHV Recording<\/p>\n","protected":false},"excerpt":{"rendered":"<p>Media Condition: Near Mint (NM or M-)<\/p>\n<p>Sleeve Condition: Near Mint (NM or M-)<\/p>\n<p>Label: Hungaroton<\/p>\n<p>Released: 0<\/p>\n","protected":false},"featured_media":3152249,"template":"","meta":{"_acf_changed":false},"product_brand":[],"product_cat":[23],"product_tag":[],"class_list":{"0":"post-508800","1":"product","2":"type-product","3":"status-publish","4":"has-post-thumbnail","6":"product_cat-classical","8":"first","9":"instock","10":"taxable","11":"shipping-taxable","12":"purchasable","13":"product-type-simple"},"acf":[],"mb":[],"mfb_rest_fields":["title"],"_links":{"self":[{"href":"https:\/\/digelius.com\/fi\/wp-json\/wp\/v2\/product\/508800","targetHints":{"allow":["GET"]}}],"collection":[{"href":"https:\/\/digelius.com\/fi\/wp-json\/wp\/v2\/product"}],"about":[{"href":"https:\/\/digelius.com\/fi\/wp-json\/wp\/v2\/types\/product"}],"wp:featuredmedia":[{"embeddable":true,"href":"https:\/\/digelius.com\/fi\/wp-json\/wp\/v2\/media\/3152249"}],"wp:attachment":[{"href":"https:\/\/digelius.com\/fi\/wp-json\/wp\/v2\/media?parent=508800"}],"wp:term":[{"taxonomy":"product_brand","embeddable":true,"href":"https:\/\/digelius.com\/fi\/wp-json\/wp\/v2\/product_brand?post=508800"},{"taxonomy":"product_cat","embeddable":true,"href":"https:\/\/digelius.com\/fi\/wp-json\/wp\/v2\/product_cat?post=508800"},{"taxonomy":"product_tag","embeddable":true,"href":"https:\/\/digelius.com\/fi\/wp-json\/wp\/v2\/product_tag?post=508800"}],"curies":[{"name":"wp","href":"https:\/\/api.w.org\/{rel}","templated":true}]}}