{"id":52221,"date":"2024-01-17T05:05:48","date_gmt":"2024-01-17T03:05:48","guid":{"rendered":"https:\/\/digelius.com\/product\/martin-kuchen-jon-rune-strom-tollef-ostvang-melted-snow\/"},"modified":"2026-02-09T09:01:24","modified_gmt":"2026-02-09T07:01:24","slug":"martin-kuchen-jon-rune-strom-tollef-ostvang-melted-snow","status":"publish","type":"product","link":"https:\/\/digelius.com\/fi\/product\/martin-kuchen-jon-rune-strom-tollef-ostvang-melted-snow\/","title":{"rendered":"Martin K\u00fcchen, Jon Rune Str\u00f8m, Tollef \u00d8stvang: Melted Snow"},"content":{"rendered":"<p>Pickup possible at our Helsinki store (by selecting the &quot;local pickup&quot; option). <\/p>\n<p>Limited edition of 300 records<\/p>\n<p>Recorded 9th April 2014, Skansen Lydstudio, Trondheim, Norway<\/p>\n","protected":false},"excerpt":{"rendered":"<p>Media Condition: Near Mint (NM or M-)<\/p>\n<p>Sleeve Condition: Near Mint (NM or M-)<\/p>\n<p>Label: NoBusiness Records<\/p>\n<p>Released: 2015<\/p>\n","protected":false},"featured_media":3153430,"template":"","meta":{"_acf_changed":false},"product_brand":[],"product_cat":[16],"product_tag":[],"class_list":{"0":"post-52221","1":"product","2":"type-product","3":"status-publish","4":"has-post-thumbnail","6":"product_cat-jazz","8":"first","9":"instock","10":"taxable","11":"shipping-taxable","12":"purchasable","13":"product-type-simple"},"acf":[],"mb":[],"mfb_rest_fields":["title"],"_links":{"self":[{"href":"https:\/\/digelius.com\/fi\/wp-json\/wp\/v2\/product\/52221","targetHints":{"allow":["GET"]}}],"collection":[{"href":"https:\/\/digelius.com\/fi\/wp-json\/wp\/v2\/product"}],"about":[{"href":"https:\/\/digelius.com\/fi\/wp-json\/wp\/v2\/types\/product"}],"wp:featuredmedia":[{"embeddable":true,"href":"https:\/\/digelius.com\/fi\/wp-json\/wp\/v2\/media\/3153430"}],"wp:attachment":[{"href":"https:\/\/digelius.com\/fi\/wp-json\/wp\/v2\/media?parent=52221"}],"wp:term":[{"taxonomy":"product_brand","embeddable":true,"href":"https:\/\/digelius.com\/fi\/wp-json\/wp\/v2\/product_brand?post=52221"},{"taxonomy":"product_cat","embeddable":true,"href":"https:\/\/digelius.com\/fi\/wp-json\/wp\/v2\/product_cat?post=52221"},{"taxonomy":"product_tag","embeddable":true,"href":"https:\/\/digelius.com\/fi\/wp-json\/wp\/v2\/product_tag?post=52221"}],"curies":[{"name":"wp","href":"https:\/\/api.w.org\/{rel}","templated":true}]}}