{"id":56079,"date":"2024-01-18T11:58:37","date_gmt":"2024-01-18T09:58:37","guid":{"rendered":"https:\/\/digelius.com\/product\/orkesteri-osattomat-katkalainen\/"},"modified":"2026-02-03T16:01:35","modified_gmt":"2026-02-03T14:01:35","slug":"orkesteri-osattomat-katkalainen","status":"publish","type":"product","link":"https:\/\/digelius.com\/fi\/product\/orkesteri-osattomat-katkalainen\/","title":{"rendered":"Orkesteri &#8221;Osattomat&#8221;: K\u00e4tk\u00e4l\u00e4inen"},"content":{"rendered":"<p>Pickup possible at Digelius Music in Helsinki (by selecting the &quot;local pickup&quot; shipping option).<\/p><\/p>\n","protected":false},"excerpt":{"rendered":"<p>Media Condition: Very Good Plus (VG+)<\/p>\n<p>Sleeve Condition: Very Good (VG)<\/p>\n<p>Label: Koivu Records<\/p>\n<p>Released: 1984<\/p>\n","protected":false},"featured_media":3153374,"template":"","meta":{"_acf_changed":false},"product_brand":[],"product_cat":[16,96,28,97],"product_tag":[],"class_list":{"0":"post-56079","1":"product","2":"type-product","3":"status-publish","4":"has-post-thumbnail","6":"product_cat-jazz","7":"product_cat-jazz-fi","8":"product_cat-pop","9":"product_cat-pop-fi","11":"first","12":"instock","13":"taxable","14":"shipping-taxable","15":"purchasable","16":"product-type-simple"},"acf":[],"mb":[],"mfb_rest_fields":["title"],"_links":{"self":[{"href":"https:\/\/digelius.com\/fi\/wp-json\/wp\/v2\/product\/56079","targetHints":{"allow":["GET"]}}],"collection":[{"href":"https:\/\/digelius.com\/fi\/wp-json\/wp\/v2\/product"}],"about":[{"href":"https:\/\/digelius.com\/fi\/wp-json\/wp\/v2\/types\/product"}],"wp:featuredmedia":[{"embeddable":true,"href":"https:\/\/digelius.com\/fi\/wp-json\/wp\/v2\/media\/3153374"}],"wp:attachment":[{"href":"https:\/\/digelius.com\/fi\/wp-json\/wp\/v2\/media?parent=56079"}],"wp:term":[{"taxonomy":"product_brand","embeddable":true,"href":"https:\/\/digelius.com\/fi\/wp-json\/wp\/v2\/product_brand?post=56079"},{"taxonomy":"product_cat","embeddable":true,"href":"https:\/\/digelius.com\/fi\/wp-json\/wp\/v2\/product_cat?post=56079"},{"taxonomy":"product_tag","embeddable":true,"href":"https:\/\/digelius.com\/fi\/wp-json\/wp\/v2\/product_tag?post=56079"}],"curies":[{"name":"wp","href":"https:\/\/api.w.org\/{rel}","templated":true}]}}