{"id":56309,"date":"2024-01-18T12:43:40","date_gmt":"2024-01-18T10:43:40","guid":{"rendered":"https:\/\/digelius.com\/product\/millie-small-my-boy-lollipop\/"},"modified":"2026-02-03T19:01:26","modified_gmt":"2026-02-03T17:01:26","slug":"millie-small-my-boy-lollipop","status":"publish","type":"product","link":"https:\/\/digelius.com\/fi\/product\/millie-small-my-boy-lollipop\/","title":{"rendered":"Millie Small: My Boy Lollipop"},"content":{"rendered":"<p>No sleeve. Pickup possible at Digelius Music in Helsinki (by selecting the &quot;local pickup&quot; shipping option).<\/p>\n<p>Oy Lollipop Ab&#8217;s Lollipop single for Company&#8217;s promotional use. Released with a 8 paged booklet with 3 promo sheets and adverts.<br \/>\nLollipop on both sides. Address L\u00e4mitt\u00e4j\u00e4nkatu 4, 00810 Helsinki is noted on the label. Pressing by &#8221;Finnvox&#8221; engraved on the runout.<\/p>\n<p>Millie Small nor My Boy Lollipop aren&#8217;t mentioned on release.<\/p>\n","protected":false},"excerpt":{"rendered":"<p>Media Condition: Very Good Plus (VG+)<\/p>\n<p>Sleeve Condition: Generic<\/p>\n<p>Label: Lollipop (13)<\/p>\n<p>Released: 0<\/p>\n","protected":false},"featured_media":3153312,"template":"","meta":{"_acf_changed":false},"product_brand":[],"product_cat":[28],"product_tag":[],"class_list":{"0":"post-56309","1":"product","2":"type-product","3":"status-publish","4":"has-post-thumbnail","6":"product_cat-pop","8":"first","9":"instock","10":"taxable","11":"shipping-taxable","12":"purchasable","13":"product-type-simple"},"acf":[],"mb":[],"mfb_rest_fields":["title"],"_links":{"self":[{"href":"https:\/\/digelius.com\/fi\/wp-json\/wp\/v2\/product\/56309","targetHints":{"allow":["GET"]}}],"collection":[{"href":"https:\/\/digelius.com\/fi\/wp-json\/wp\/v2\/product"}],"about":[{"href":"https:\/\/digelius.com\/fi\/wp-json\/wp\/v2\/types\/product"}],"wp:featuredmedia":[{"embeddable":true,"href":"https:\/\/digelius.com\/fi\/wp-json\/wp\/v2\/media\/3153312"}],"wp:attachment":[{"href":"https:\/\/digelius.com\/fi\/wp-json\/wp\/v2\/media?parent=56309"}],"wp:term":[{"taxonomy":"product_brand","embeddable":true,"href":"https:\/\/digelius.com\/fi\/wp-json\/wp\/v2\/product_brand?post=56309"},{"taxonomy":"product_cat","embeddable":true,"href":"https:\/\/digelius.com\/fi\/wp-json\/wp\/v2\/product_cat?post=56309"},{"taxonomy":"product_tag","embeddable":true,"href":"https:\/\/digelius.com\/fi\/wp-json\/wp\/v2\/product_tag?post=56309"}],"curies":[{"name":"wp","href":"https:\/\/api.w.org\/{rel}","templated":true}]}}