{"id":563450,"date":"2024-06-29T21:22:34","date_gmt":"2024-06-29T18:22:34","guid":{"rendered":"https:\/\/digelius.com\/product\/ville-lahteenmaki-trio-introducing-ville-lahteenmaki-trio\/"},"modified":"2026-02-01T08:30:57","modified_gmt":"2026-02-01T06:30:57","slug":"ville-lahteenmaki-trio-introducing-ville-lahteenmaki-trio","status":"publish","type":"product","link":"https:\/\/digelius.com\/fi\/product\/ville-lahteenmaki-trio-introducing-ville-lahteenmaki-trio\/","title":{"rendered":"Ville L\u00e4hteenm\u00e4ki Trio: Introducing: Ville L\u00e4hteenm\u00e4ki Trio"},"content":{"rendered":"<\/p>\n<p>Cover design by Arsi Keva<br \/>\nCovers screen printed at Kalasataman Seripaja, Helsinki<br \/>\nPhoto by Erik Egge Jordheim<br \/>\nLinocut print on recycled innersleeves by Gilles Lostal\u00e9<\/p>\n<p>Hand-numbered limited edition of 300 copies.<\/p>\n","protected":false},"excerpt":{"rendered":"<p>Media Condition: Mint (M)<\/p>\n<p>Sleeve Condition: Mint (M)<\/p>\n<p>Label: Ultra\u00e4\u00e4ni<\/p>\n<p>Released: 2023<\/p>\n","protected":false},"featured_media":3152173,"template":"","meta":{"_acf_changed":false},"product_brand":[],"product_cat":[16],"product_tag":[],"class_list":{"0":"post-563450","1":"product","2":"type-product","3":"status-publish","4":"has-post-thumbnail","6":"product_cat-jazz","8":"first","9":"instock","10":"taxable","11":"shipping-taxable","12":"purchasable","13":"product-type-simple"},"acf":[],"mb":[],"mfb_rest_fields":["title"],"_links":{"self":[{"href":"https:\/\/digelius.com\/fi\/wp-json\/wp\/v2\/product\/563450","targetHints":{"allow":["GET"]}}],"collection":[{"href":"https:\/\/digelius.com\/fi\/wp-json\/wp\/v2\/product"}],"about":[{"href":"https:\/\/digelius.com\/fi\/wp-json\/wp\/v2\/types\/product"}],"wp:featuredmedia":[{"embeddable":true,"href":"https:\/\/digelius.com\/fi\/wp-json\/wp\/v2\/media\/3152173"}],"wp:attachment":[{"href":"https:\/\/digelius.com\/fi\/wp-json\/wp\/v2\/media?parent=563450"}],"wp:term":[{"taxonomy":"product_brand","embeddable":true,"href":"https:\/\/digelius.com\/fi\/wp-json\/wp\/v2\/product_brand?post=563450"},{"taxonomy":"product_cat","embeddable":true,"href":"https:\/\/digelius.com\/fi\/wp-json\/wp\/v2\/product_cat?post=563450"},{"taxonomy":"product_tag","embeddable":true,"href":"https:\/\/digelius.com\/fi\/wp-json\/wp\/v2\/product_tag?post=563450"}],"curies":[{"name":"wp","href":"https:\/\/api.w.org\/{rel}","templated":true}]}}