{"id":56409,"date":"2024-01-18T13:03:42","date_gmt":"2024-01-18T11:03:42","guid":{"rendered":"https:\/\/digelius.com\/product\/odvazna-srdce-beatove-druzstvo-odvazna-srdce-beatove-druzstvo\/"},"modified":"2026-02-03T21:01:20","modified_gmt":"2026-02-03T19:01:20","slug":"odvazna-srdce-beatove-druzstvo-odvazna-srdce-beatove-druzstvo","status":"publish","type":"product","link":"https:\/\/digelius.com\/fi\/product\/odvazna-srdce-beatove-druzstvo-odvazna-srdce-beatove-druzstvo\/","title":{"rendered":"Odv\u00e1\u017en\u00e1 Srdce \/ Beatov\u00e9 Dru\u017estvo: Odv\u00e1\u017en\u00e1 Srdce \/ Beatov\u00e9 Dru\u017estvo"},"content":{"rendered":"<p>Record EX to NM. Pickup possible at Digelius Music in Helsinki (by selecting the &quot;local pickup&quot; shipping option).<\/p>\n<p>Mrs.Levi B. CO &amp; Day Art Co.<br \/>\nCopyright Odv\u00e1\u017en\u00e1 Srdce (neplat\u00ed Od Omska na v\u00fdchod<br \/>\nJedin\u00fd nekytarov\u00fd Big Beat od Omska na z\u00e1pad<br \/>\nCopyright Beatov\u00e9 Dru\u017estvo <\/p>\n","protected":false},"excerpt":{"rendered":"<p>Media Condition: Very Good Plus (VG+)<\/p>\n<p>Sleeve Condition: Very Good Plus (VG+)<\/p>\n<p>Label: Mrs. Levi B,Datart,Unijazz<\/p>\n<p>Released: 1991<\/p>\n","protected":false},"featured_media":3153278,"template":"","meta":{"_acf_changed":false},"product_brand":[],"product_cat":[27],"product_tag":[],"class_list":{"0":"post-56409","1":"product","2":"type-product","3":"status-publish","4":"has-post-thumbnail","6":"product_cat-rock","8":"first","9":"instock","10":"taxable","11":"shipping-taxable","12":"purchasable","13":"product-type-simple"},"acf":[],"mb":[],"mfb_rest_fields":["title"],"_links":{"self":[{"href":"https:\/\/digelius.com\/fi\/wp-json\/wp\/v2\/product\/56409","targetHints":{"allow":["GET"]}}],"collection":[{"href":"https:\/\/digelius.com\/fi\/wp-json\/wp\/v2\/product"}],"about":[{"href":"https:\/\/digelius.com\/fi\/wp-json\/wp\/v2\/types\/product"}],"wp:featuredmedia":[{"embeddable":true,"href":"https:\/\/digelius.com\/fi\/wp-json\/wp\/v2\/media\/3153278"}],"wp:attachment":[{"href":"https:\/\/digelius.com\/fi\/wp-json\/wp\/v2\/media?parent=56409"}],"wp:term":[{"taxonomy":"product_brand","embeddable":true,"href":"https:\/\/digelius.com\/fi\/wp-json\/wp\/v2\/product_brand?post=56409"},{"taxonomy":"product_cat","embeddable":true,"href":"https:\/\/digelius.com\/fi\/wp-json\/wp\/v2\/product_cat?post=56409"},{"taxonomy":"product_tag","embeddable":true,"href":"https:\/\/digelius.com\/fi\/wp-json\/wp\/v2\/product_tag?post=56409"}],"curies":[{"name":"wp","href":"https:\/\/api.w.org\/{rel}","templated":true}]}}