{"id":56434,"date":"2024-01-18T13:09:49","date_gmt":"2024-01-18T11:09:49","guid":{"rendered":"https:\/\/digelius.com\/product\/los-jacopablos-moottorihotellissa-paljon-metelia-tyhjasta\/"},"modified":"2026-02-03T21:01:23","modified_gmt":"2026-02-03T19:01:23","slug":"los-jacopablos-moottorihotellissa-paljon-metelia-tyhjasta","status":"publish","type":"product","link":"https:\/\/digelius.com\/fi\/product\/los-jacopablos-moottorihotellissa-paljon-metelia-tyhjasta\/","title":{"rendered":"Los Jacopablos: Moottorihotellissa \/ Paljon Meteli\u00e4 Tyhj\u00e4st\u00e4"},"content":{"rendered":"<p>EX\/EX. Pickup possible at Digelius Music in Helsinki (by selecting the &quot;local pickup&quot; shipping option).<\/p>\n<p>Inside sleeve can be found hand written number between 1-500 (total number of copies is 500)<\/p>\n","protected":false},"excerpt":{"rendered":"<p>Media Condition: Very Good Plus (VG+)<\/p>\n<p>Sleeve Condition: Very Good Plus (VG+)<\/p>\n<p>Label: Not On Label<\/p>\n<p>Released: 1989<\/p>\n","protected":false},"featured_media":3153274,"template":"","meta":{"_acf_changed":false},"product_brand":[],"product_cat":[27],"product_tag":[],"class_list":{"0":"post-56434","1":"product","2":"type-product","3":"status-publish","4":"has-post-thumbnail","6":"product_cat-rock","8":"first","9":"instock","10":"taxable","11":"shipping-taxable","12":"purchasable","13":"product-type-simple"},"acf":[],"mb":[],"mfb_rest_fields":["title"],"_links":{"self":[{"href":"https:\/\/digelius.com\/fi\/wp-json\/wp\/v2\/product\/56434","targetHints":{"allow":["GET"]}}],"collection":[{"href":"https:\/\/digelius.com\/fi\/wp-json\/wp\/v2\/product"}],"about":[{"href":"https:\/\/digelius.com\/fi\/wp-json\/wp\/v2\/types\/product"}],"wp:featuredmedia":[{"embeddable":true,"href":"https:\/\/digelius.com\/fi\/wp-json\/wp\/v2\/media\/3153274"}],"wp:attachment":[{"href":"https:\/\/digelius.com\/fi\/wp-json\/wp\/v2\/media?parent=56434"}],"wp:term":[{"taxonomy":"product_brand","embeddable":true,"href":"https:\/\/digelius.com\/fi\/wp-json\/wp\/v2\/product_brand?post=56434"},{"taxonomy":"product_cat","embeddable":true,"href":"https:\/\/digelius.com\/fi\/wp-json\/wp\/v2\/product_cat?post=56434"},{"taxonomy":"product_tag","embeddable":true,"href":"https:\/\/digelius.com\/fi\/wp-json\/wp\/v2\/product_tag?post=56434"}],"curies":[{"name":"wp","href":"https:\/\/api.w.org\/{rel}","templated":true}]}}