{"id":5868,"date":"2023-12-18T08:38:28","date_gmt":"2023-12-18T06:38:28","guid":{"rendered":"https:\/\/digelius.qb.web-veistamo.fi\/product\/spiritual-kvintet-pisnicky-z-roku-raz-dva\/"},"modified":"2026-02-07T19:31:01","modified_gmt":"2026-02-07T17:31:01","slug":"spiritual-kvintet-pisnicky-z-roku-raz-dva","status":"publish","type":"product","link":"https:\/\/digelius.com\/fi\/product\/spiritual-kvintet-pisnicky-z-roku-raz-dva\/","title":{"rendered":"Spiritu\u00e1l Kvintet: P\u00edsni\u010dky Z Roku Raz Dva"},"content":{"rendered":"<p>Bottom seam a bit open and could be repaired. Has insert in VG+ condition with some wear. Pickup possible at our Helsinki store (by selecting the &quot;local pickup&quot; option). <\/p>\n<p>Nahr\u00e1no v \u00fanoru 1972 v pra\u017esk\u00e9m studiu v Dejvic\u00edch<br \/>\nVydal n. p. Supraphon, nositel \u0158\u00e1du pr\u00e1ce, ve spolupr\u00e1ci s \u010ceskoslovensk\u00fdm hi-fi klubem pro Gramofonov\u00fd klub v roce 1972 jako 314. publikaci edice \u201eSupraphon\u201c.<br \/>\nVytiskla Severografia, n. p., Turnov.<br \/>\nN\u00e1klad 15 000 v\u00fdtisk\u016f.<br \/>\n1. vyd\u00e1n\u00ed<br \/>\nMade In Czechoslovakia <\/p>\n<p>\u2117 1972<br \/>\n18\u201915\u201d [duration A]<br \/>\n15\u201945\u201d [duration B]<br \/>\n[Liner notes, booklet] \u00a9 1972<br \/>\nCover [cover, booklet] \u00a9 1972<br \/>\nPhotography [cover, booklet] \u00a9 1972<br \/>\n\u2014\u2014\u2014<br \/>\nIncludes a 29 cm square, 8-page booklet in Czech only.<br \/>\nIdentical cover for mono\/stereo release.<br \/>\nLyrics\/writer credits and track assignment of credits listed on center labels extracted from the booklet.<\/p>\n","protected":false},"excerpt":{"rendered":"<p>Media Condition: Very Good Plus (VG+)<\/p>\n<p>Sleeve Condition: Very Good (VG)<\/p>\n<p>Label: Supraphon,Gramofonov\u00fd Klub<\/p>\n<p>Released: 1972<\/p>\n","protected":false},"featured_media":3156870,"template":"","meta":{"_acf_changed":false},"product_brand":[],"product_cat":[31,92],"product_tag":[],"class_list":{"0":"post-5868","1":"product","2":"type-product","3":"status-publish","4":"has-post-thumbnail","6":"product_cat-folk-world-country","7":"product_cat-folk-world-country-fi","9":"first","10":"instock","11":"taxable","12":"shipping-taxable","13":"purchasable","14":"product-type-simple"},"acf":[],"mb":[],"mfb_rest_fields":["title"],"_links":{"self":[{"href":"https:\/\/digelius.com\/fi\/wp-json\/wp\/v2\/product\/5868","targetHints":{"allow":["GET"]}}],"collection":[{"href":"https:\/\/digelius.com\/fi\/wp-json\/wp\/v2\/product"}],"about":[{"href":"https:\/\/digelius.com\/fi\/wp-json\/wp\/v2\/types\/product"}],"wp:featuredmedia":[{"embeddable":true,"href":"https:\/\/digelius.com\/fi\/wp-json\/wp\/v2\/media\/3156870"}],"wp:attachment":[{"href":"https:\/\/digelius.com\/fi\/wp-json\/wp\/v2\/media?parent=5868"}],"wp:term":[{"taxonomy":"product_brand","embeddable":true,"href":"https:\/\/digelius.com\/fi\/wp-json\/wp\/v2\/product_brand?post=5868"},{"taxonomy":"product_cat","embeddable":true,"href":"https:\/\/digelius.com\/fi\/wp-json\/wp\/v2\/product_cat?post=5868"},{"taxonomy":"product_tag","embeddable":true,"href":"https:\/\/digelius.com\/fi\/wp-json\/wp\/v2\/product_tag?post=5868"}],"curies":[{"name":"wp","href":"https:\/\/api.w.org\/{rel}","templated":true}]}}